{"id":23248,"date":"2024-04-18T15:36:02","date_gmt":"2024-04-18T15:36:02","guid":{"rendered":"https:\/\/vineadouro.com\/shop\/?post_type=product&#038;p=23248"},"modified":"2025-12-16T17:08:39","modified_gmt":"2025-12-16T17:08:39","slug":"barco-e-por-do-sol-no-douro","status":"publish","type":"product","link":"https:\/\/vineadouro.com\/shop\/produtos\/experiencias\/barco-e-por-do-sol-no-douro\/","title":{"rendered":"Barco &#038; P\u00f4r-do-sol no Douro"},"content":{"rendered":"","protected":false},"excerpt":{"rendered":"<p>No sublimado Douro, navegamos num barco tradicional conhecido por Rabelo, subindo o rio e admirando as mais belas paisagens at\u00e9 o sol se p\u00f4r num espet\u00e1culo esfuziante de cores. Ao longo do passeio, aprecie as vistas saboreando os nossos vinhos e os petiscos t\u00edpicos da regi\u00e3o preparados com todo o carinho para si.<\/p>\n<p><strong>Hor\u00e1rio: <\/strong>18h-20h<br \/>\n<strong>Idioma: <\/strong>Portugu\u00eas e Ingl\u00eas<br \/>\n<strong>Grupos: <\/strong>m\u00ednimo 6 pessoas<br \/>\n<strong>Pre\u00e7o: <\/strong>65\u20ac\/pessoa (inclui IVA \u00e0 taxa legal em vigor)<br \/>\n<strong>Pol\u00edtica de cancelamento: <\/strong>Cancelamento gratuito se comunicado at\u00e9 48h antes da realiza\u00e7\u00e3o da atividade. Ap\u00f3s este prazo ser\u00e1 cobrada a totalidade do valor.<\/p>\n","protected":false},"featured_media":23227,"comment_status":"closed","ping_status":"closed","template":"","meta":[],"product_brand":[],"product_cat":[72],"product_tag":[],"class_list":{"0":"post-23248","1":"product","2":"type-product","3":"status-publish","4":"has-post-thumbnail","6":"product_cat-experiencias","7":"product_shipping_class-experiencias","9":"first","10":"instock","11":"virtual","12":"purchasable","13":"product-type-simple"},"_links":{"self":[{"href":"https:\/\/vineadouro.com\/shop\/wp-json\/wp\/v2\/product\/23248","targetHints":{"allow":["GET"]}}],"collection":[{"href":"https:\/\/vineadouro.com\/shop\/wp-json\/wp\/v2\/product"}],"about":[{"href":"https:\/\/vineadouro.com\/shop\/wp-json\/wp\/v2\/types\/product"}],"replies":[{"embeddable":true,"href":"https:\/\/vineadouro.com\/shop\/wp-json\/wp\/v2\/comments?post=23248"}],"version-history":[{"count":2,"href":"https:\/\/vineadouro.com\/shop\/wp-json\/wp\/v2\/product\/23248\/revisions"}],"predecessor-version":[{"id":24874,"href":"https:\/\/vineadouro.com\/shop\/wp-json\/wp\/v2\/product\/23248\/revisions\/24874"}],"wp:featuredmedia":[{"embeddable":true,"href":"https:\/\/vineadouro.com\/shop\/wp-json\/wp\/v2\/media\/23227"}],"wp:attachment":[{"href":"https:\/\/vineadouro.com\/shop\/wp-json\/wp\/v2\/media?parent=23248"}],"wp:term":[{"taxonomy":"product_brand","embeddable":true,"href":"https:\/\/vineadouro.com\/shop\/wp-json\/wp\/v2\/product_brand?post=23248"},{"taxonomy":"product_cat","embeddable":true,"href":"https:\/\/vineadouro.com\/shop\/wp-json\/wp\/v2\/product_cat?post=23248"},{"taxonomy":"product_tag","embeddable":true,"href":"https:\/\/vineadouro.com\/shop\/wp-json\/wp\/v2\/product_tag?post=23248"}],"curies":[{"name":"wp","href":"https:\/\/api.w.org\/{rel}","templated":true}]}}