{"id":23245,"date":"2024-04-18T15:33:24","date_gmt":"2024-04-18T15:33:24","guid":{"rendered":"https:\/\/vineadouro.com\/shop\/?post_type=product&#038;p=23245"},"modified":"2025-12-16T17:08:42","modified_gmt":"2025-12-16T17:08:42","slug":"castelo-e-piquenique","status":"publish","type":"product","link":"https:\/\/vineadouro.com\/shop\/produtos\/experiencias\/castelo-e-piquenique\/","title":{"rendered":"Castelo &#038; Piquenique"},"content":{"rendered":"","protected":false},"excerpt":{"rendered":"<p>Com vista sublime, dos seus 677 metros de altitude, o castelo de Num\u00e3o n\u00e3o deixa ningu\u00e9m indiferente. De visita obrigat\u00f3ria, leva-nos a uma viagem imagin\u00e1ria desde a reconquista crist\u00e3. Ap\u00f3s o passeio, repouse apreciando o piquenique com produtos locais que escolhemos, a pensar em si, e com uma degusta\u00e7\u00e3o de vinhos memor\u00e1vel.<\/p>\n<p><strong>Hor\u00e1rio: <\/strong>9h-15h<br \/>\n<strong>Idioma: <\/strong>Portugu\u00eas e Ingl\u00eas<br \/>\n<strong>Grupos: <\/strong>m\u00ednimo 2 pessoas<br \/>\n<strong>Pre\u00e7o: <\/strong>35\u20ac\/pessoa (inclui IVA \u00e0 taxa legal em vigor)<br \/>\n<strong>Pol\u00edtica de cancelamento: <\/strong>Cancelamento gratuito se comunicado at\u00e9 48h antes da realiza\u00e7\u00e3o da atividade. Ap\u00f3s este prazo ser\u00e1 cobrada a totalidade do valor.<\/p>\n","protected":false},"featured_media":23231,"comment_status":"closed","ping_status":"closed","template":"","meta":[],"product_brand":[],"product_cat":[72],"product_tag":[],"class_list":{"0":"post-23245","1":"product","2":"type-product","3":"status-publish","4":"has-post-thumbnail","6":"product_cat-experiencias","7":"product_shipping_class-experiencias","9":"first","10":"instock","11":"virtual","12":"purchasable","13":"product-type-simple"},"_links":{"self":[{"href":"https:\/\/vineadouro.com\/shop\/wp-json\/wp\/v2\/product\/23245","targetHints":{"allow":["GET"]}}],"collection":[{"href":"https:\/\/vineadouro.com\/shop\/wp-json\/wp\/v2\/product"}],"about":[{"href":"https:\/\/vineadouro.com\/shop\/wp-json\/wp\/v2\/types\/product"}],"replies":[{"embeddable":true,"href":"https:\/\/vineadouro.com\/shop\/wp-json\/wp\/v2\/comments?post=23245"}],"version-history":[{"count":1,"href":"https:\/\/vineadouro.com\/shop\/wp-json\/wp\/v2\/product\/23245\/revisions"}],"predecessor-version":[{"id":24869,"href":"https:\/\/vineadouro.com\/shop\/wp-json\/wp\/v2\/product\/23245\/revisions\/24869"}],"wp:featuredmedia":[{"embeddable":true,"href":"https:\/\/vineadouro.com\/shop\/wp-json\/wp\/v2\/media\/23231"}],"wp:attachment":[{"href":"https:\/\/vineadouro.com\/shop\/wp-json\/wp\/v2\/media?parent=23245"}],"wp:term":[{"taxonomy":"product_brand","embeddable":true,"href":"https:\/\/vineadouro.com\/shop\/wp-json\/wp\/v2\/product_brand?post=23245"},{"taxonomy":"product_cat","embeddable":true,"href":"https:\/\/vineadouro.com\/shop\/wp-json\/wp\/v2\/product_cat?post=23245"},{"taxonomy":"product_tag","embeddable":true,"href":"https:\/\/vineadouro.com\/shop\/wp-json\/wp\/v2\/product_tag?post=23245"}],"curies":[{"name":"wp","href":"https:\/\/api.w.org\/{rel}","templated":true}]}}