{"id":23242,"date":"2024-04-18T15:31:34","date_gmt":"2024-04-18T15:31:34","guid":{"rendered":"https:\/\/vineadouro.com\/shop\/?post_type=product&#038;p=23242"},"modified":"2025-12-16T17:08:48","modified_gmt":"2025-12-16T17:08:48","slug":"prova-de-vinhos-e-almoco","status":"publish","type":"product","link":"https:\/\/vineadouro.com\/shop\/produtos\/experiencias\/prova-de-vinhos-e-almoco\/","title":{"rendered":"Prova de Vinhos &#038; Almo\u00e7o"},"content":{"rendered":"","protected":false},"excerpt":{"rendered":"<p>O anfiteatro natural da Coitadinha, a nossa vinha centen\u00e1ria, \u00e9 o cen\u00e1rio perfeito para se apreciarem as iguarias da regi\u00e3o. Ao ar livre, num espa\u00e7o \u201crustic chic\u201d, com sombras bem refrescantes, assista \u00e0s provas de vinhos comentadas e delicie-se com os petiscos preparados, especialmente para si.<\/p>\n<p><strong>Hor\u00e1rio: <\/strong>12h-15h<br \/>\n<strong>Idioma: <\/strong>Portugu\u00eas e Ingl\u00eas<br \/>\n<strong>Grupos: <\/strong>m\u00ednimo 2 pessoas<br \/>\n<strong>Pre\u00e7o: <\/strong>55\u20ac\/pessoa (inclui IVA \u00e0 taxa legal em vigor)<br \/>\n<strong>Pol\u00edtica de cancelamento: <\/strong>Cancelamento gratuito se comunicado at\u00e9 48h antes da realiza\u00e7\u00e3o da atividade. Ap\u00f3s este prazo ser\u00e1 cobrada a totalidade do valor.<\/p>\n","protected":false},"featured_media":23233,"comment_status":"closed","ping_status":"closed","template":"","meta":[],"product_brand":[],"product_cat":[72],"product_tag":[],"class_list":{"0":"post-23242","1":"product","2":"type-product","3":"status-publish","4":"has-post-thumbnail","6":"product_cat-experiencias","7":"product_shipping_class-experiencias","9":"first","10":"instock","11":"virtual","12":"purchasable","13":"product-type-simple"},"_links":{"self":[{"href":"https:\/\/vineadouro.com\/shop\/wp-json\/wp\/v2\/product\/23242","targetHints":{"allow":["GET"]}}],"collection":[{"href":"https:\/\/vineadouro.com\/shop\/wp-json\/wp\/v2\/product"}],"about":[{"href":"https:\/\/vineadouro.com\/shop\/wp-json\/wp\/v2\/types\/product"}],"replies":[{"embeddable":true,"href":"https:\/\/vineadouro.com\/shop\/wp-json\/wp\/v2\/comments?post=23242"}],"version-history":[{"count":2,"href":"https:\/\/vineadouro.com\/shop\/wp-json\/wp\/v2\/product\/23242\/revisions"}],"predecessor-version":[{"id":24875,"href":"https:\/\/vineadouro.com\/shop\/wp-json\/wp\/v2\/product\/23242\/revisions\/24875"}],"wp:featuredmedia":[{"embeddable":true,"href":"https:\/\/vineadouro.com\/shop\/wp-json\/wp\/v2\/media\/23233"}],"wp:attachment":[{"href":"https:\/\/vineadouro.com\/shop\/wp-json\/wp\/v2\/media?parent=23242"}],"wp:term":[{"taxonomy":"product_brand","embeddable":true,"href":"https:\/\/vineadouro.com\/shop\/wp-json\/wp\/v2\/product_brand?post=23242"},{"taxonomy":"product_cat","embeddable":true,"href":"https:\/\/vineadouro.com\/shop\/wp-json\/wp\/v2\/product_cat?post=23242"},{"taxonomy":"product_tag","embeddable":true,"href":"https:\/\/vineadouro.com\/shop\/wp-json\/wp\/v2\/product_tag?post=23242"}],"curies":[{"name":"wp","href":"https:\/\/api.w.org\/{rel}","templated":true}]}}