{"id":23235,"date":"2024-04-18T15:25:46","date_gmt":"2024-04-18T15:25:46","guid":{"rendered":"https:\/\/vineadouro.com\/shop\/?post_type=product&#038;p=23235"},"modified":"2025-12-16T17:08:56","modified_gmt":"2025-12-16T17:08:56","slug":"pack-de-provas","status":"publish","type":"product","link":"https:\/\/vineadouro.com\/shop\/produtos\/experiencias\/pack-de-provas\/","title":{"rendered":"Pack de Provas"},"content":{"rendered":"","protected":false},"excerpt":{"rendered":"<p>Num local \u00e0 sua escolha, experimente os nossos vinhos que fazem parte deste pack a ser entregue no seu domic\u00edlio. Inclui uma visita \u00e0 quinta, com marca\u00e7\u00e3o pr\u00e9via, e uma prova adicional no local.<\/p>\n<p><strong>Hor\u00e1rio: <\/strong>11h-13h<br \/>\n<strong>Idioma: <\/strong>Portugu\u00eas e Ingl\u00eas<br \/>\n<strong>Grupos: <\/strong>m\u00ednimo 2 pessoas<br \/>\n<strong>Pre\u00e7o: <\/strong>52\u20ac\/pessoa (inclui IVA \u00e0 taxa legal em vigor)<br \/>\n<strong>Pol\u00edtica de cancelamento: <\/strong>Cancelamento gratuito se comunicado at\u00e9 48h antes da realiza\u00e7\u00e3o da atividade. Ap\u00f3s este prazo ser\u00e1 cobrada a totalidade do valor.<\/p>\n","protected":false},"featured_media":23236,"comment_status":"closed","ping_status":"closed","template":"","meta":[],"product_brand":[],"product_cat":[72],"product_tag":[],"class_list":{"0":"post-23235","1":"product","2":"type-product","3":"status-publish","4":"has-post-thumbnail","6":"product_cat-experiencias","7":"product_shipping_class-experiencias","9":"first","10":"instock","11":"virtual","12":"purchasable","13":"product-type-simple"},"_links":{"self":[{"href":"https:\/\/vineadouro.com\/shop\/wp-json\/wp\/v2\/product\/23235","targetHints":{"allow":["GET"]}}],"collection":[{"href":"https:\/\/vineadouro.com\/shop\/wp-json\/wp\/v2\/product"}],"about":[{"href":"https:\/\/vineadouro.com\/shop\/wp-json\/wp\/v2\/types\/product"}],"replies":[{"embeddable":true,"href":"https:\/\/vineadouro.com\/shop\/wp-json\/wp\/v2\/comments?post=23235"}],"version-history":[{"count":2,"href":"https:\/\/vineadouro.com\/shop\/wp-json\/wp\/v2\/product\/23235\/revisions"}],"predecessor-version":[{"id":24877,"href":"https:\/\/vineadouro.com\/shop\/wp-json\/wp\/v2\/product\/23235\/revisions\/24877"}],"wp:featuredmedia":[{"embeddable":true,"href":"https:\/\/vineadouro.com\/shop\/wp-json\/wp\/v2\/media\/23236"}],"wp:attachment":[{"href":"https:\/\/vineadouro.com\/shop\/wp-json\/wp\/v2\/media?parent=23235"}],"wp:term":[{"taxonomy":"product_brand","embeddable":true,"href":"https:\/\/vineadouro.com\/shop\/wp-json\/wp\/v2\/product_brand?post=23235"},{"taxonomy":"product_cat","embeddable":true,"href":"https:\/\/vineadouro.com\/shop\/wp-json\/wp\/v2\/product_cat?post=23235"},{"taxonomy":"product_tag","embeddable":true,"href":"https:\/\/vineadouro.com\/shop\/wp-json\/wp\/v2\/product_tag?post=23235"}],"curies":[{"name":"wp","href":"https:\/\/api.w.org\/{rel}","templated":true}]}}