{"id":23220,"date":"2024-04-18T14:43:40","date_gmt":"2024-04-18T14:43:40","guid":{"rendered":"https:\/\/vineadouro.com\/shop\/?post_type=product&#038;p=23220"},"modified":"2025-12-16T17:09:00","modified_gmt":"2025-12-16T17:09:00","slug":"almoco-e-visita","status":"publish","type":"product","link":"https:\/\/vineadouro.com\/shop\/produtos\/experiencias\/almoco-e-visita\/","title":{"rendered":"Almo\u00e7o &#038; Visita"},"content":{"rendered":"","protected":false},"excerpt":{"rendered":"<p>\u00c0 sombra do nosso sobreiro centen\u00e1rio temos o espa\u00e7o perfeito para uma degusta\u00e7\u00e3o de sabores genu\u00ednos da regi\u00e3o acompanhada divinamente pelos nossos vinhos. Descontraia e desfrute de um ambiente ao melhor estilo vintage e descubra os nossos percursos tem\u00e1ticos ao longo da quinta.<\/p>\n<p><strong>Hor\u00e1rio: <\/strong>13h-17h<br \/>\n<strong>Idioma: <\/strong>Portugu\u00eas e Ingl\u00eas<br \/>\n<strong>Grupos: <\/strong>m\u00ednimo 2 pessoas<br \/>\n<strong>Pre\u00e7o: <\/strong>50\u20ac\/pessoa (inclui IVA \u00e0 taxa legal em vigor)<br \/>\n<strong>Pol\u00edtica de cancelamento: <\/strong>Cancelamento gratuito se comunicado at\u00e9 48h antes da realiza\u00e7\u00e3o da atividade. Ap\u00f3s este prazo ser\u00e1 cobrada a totalidade do valor.<\/p>\n","protected":false},"featured_media":23225,"comment_status":"closed","ping_status":"closed","template":"","meta":[],"product_brand":[],"product_cat":[72],"product_tag":[],"class_list":{"0":"post-23220","1":"product","2":"type-product","3":"status-publish","4":"has-post-thumbnail","6":"product_cat-experiencias","7":"product_shipping_class-experiencias","9":"first","10":"instock","11":"virtual","12":"purchasable","13":"product-type-simple"},"_links":{"self":[{"href":"https:\/\/vineadouro.com\/shop\/wp-json\/wp\/v2\/product\/23220","targetHints":{"allow":["GET"]}}],"collection":[{"href":"https:\/\/vineadouro.com\/shop\/wp-json\/wp\/v2\/product"}],"about":[{"href":"https:\/\/vineadouro.com\/shop\/wp-json\/wp\/v2\/types\/product"}],"replies":[{"embeddable":true,"href":"https:\/\/vineadouro.com\/shop\/wp-json\/wp\/v2\/comments?post=23220"}],"version-history":[{"count":1,"href":"https:\/\/vineadouro.com\/shop\/wp-json\/wp\/v2\/product\/23220\/revisions"}],"predecessor-version":[{"id":24866,"href":"https:\/\/vineadouro.com\/shop\/wp-json\/wp\/v2\/product\/23220\/revisions\/24866"}],"wp:featuredmedia":[{"embeddable":true,"href":"https:\/\/vineadouro.com\/shop\/wp-json\/wp\/v2\/media\/23225"}],"wp:attachment":[{"href":"https:\/\/vineadouro.com\/shop\/wp-json\/wp\/v2\/media?parent=23220"}],"wp:term":[{"taxonomy":"product_brand","embeddable":true,"href":"https:\/\/vineadouro.com\/shop\/wp-json\/wp\/v2\/product_brand?post=23220"},{"taxonomy":"product_cat","embeddable":true,"href":"https:\/\/vineadouro.com\/shop\/wp-json\/wp\/v2\/product_cat?post=23220"},{"taxonomy":"product_tag","embeddable":true,"href":"https:\/\/vineadouro.com\/shop\/wp-json\/wp\/v2\/product_tag?post=23220"}],"curies":[{"name":"wp","href":"https:\/\/api.w.org\/{rel}","templated":true}]}}