{"id":23148,"date":"2024-04-08T10:58:39","date_gmt":"2024-04-08T10:58:39","guid":{"rendered":"https:\/\/vineadouro.com\/shop\/?post_type=product&#038;p=23148"},"modified":"2026-01-22T11:38:07","modified_gmt":"2026-01-22T11:38:07","slug":"pack-vinho-vineadouro-clarete","status":"publish","type":"product","link":"https:\/\/vineadouro.com\/shop\/produtos\/packs\/pack-vinho-vineadouro-clarete\/","title":{"rendered":"Pack Vinho Vineadouro Clarete"},"content":{"rendered":"","protected":false},"excerpt":{"rendered":"<p>Pack de 3 garrafas do vinho Vineadouro Clarete, um vinho de tributo \u00e0 viticultura e enologia antigas, em que as castas \u2013 tintas, brancas e rosadas \u2013 eram plantadas, vindimadas e vinificadas em conjunto. Aroma atraente pela frescura e vivacidade, de sabor intenso, onde sobressaem a acidez firme, um volume de boca m\u00e9dio, e uma adstring\u00eancia quanto baste para conferir uma eleg\u00e2ncia surpreendente ao conjunto.<\/p>\n<p><strong>Regi\u00e3o: <\/strong>DOC Douro<br \/>\n<strong>Colheita: <\/strong>2022<br \/>\n<strong>Castas: <\/strong>S\u00edria, Rabigato, Bastardo, Rufete, Casculho e Marufo<br \/>\n<strong>\u00c1lcool: <\/strong>13,5%<br \/>\n<strong>Consumo: <\/strong>Servir a 12\u00baC a acompanhar fatias de presunto, queijo Terrincho de meia cura ou petinga e jaquinzinhos fritos com broa<br \/>\n<strong>Capacidade: <\/strong>3X 750ml (caixa de cart\u00e3o)<\/p>\n<p><a href=\"https:\/\/www.vivino.com\/vineadouro-clarete\/w\/8907489\" target=\"_blank\" rel=\"noopener noreferrer\"><br \/>\n<img decoding=\"async\" src=\"\/wp-content\/uploads\/2024\/04\/vivino-icon.jpg\" width=\"80px\" \/><\/a><\/p>\n","protected":false},"featured_media":23014,"comment_status":"open","ping_status":"closed","template":"","meta":[],"product_brand":[],"product_cat":[71],"product_tag":[],"class_list":{"0":"post-23148","1":"product","2":"type-product","3":"status-publish","4":"has-post-thumbnail","6":"product_cat-packs","8":"first","9":"instock","10":"shipping-taxable","11":"purchasable","12":"product-type-simple"},"_links":{"self":[{"href":"https:\/\/vineadouro.com\/shop\/wp-json\/wp\/v2\/product\/23148","targetHints":{"allow":["GET"]}}],"collection":[{"href":"https:\/\/vineadouro.com\/shop\/wp-json\/wp\/v2\/product"}],"about":[{"href":"https:\/\/vineadouro.com\/shop\/wp-json\/wp\/v2\/types\/product"}],"replies":[{"embeddable":true,"href":"https:\/\/vineadouro.com\/shop\/wp-json\/wp\/v2\/comments?post=23148"}],"version-history":[{"count":1,"href":"https:\/\/vineadouro.com\/shop\/wp-json\/wp\/v2\/product\/23148\/revisions"}],"predecessor-version":[{"id":24830,"href":"https:\/\/vineadouro.com\/shop\/wp-json\/wp\/v2\/product\/23148\/revisions\/24830"}],"wp:featuredmedia":[{"embeddable":true,"href":"https:\/\/vineadouro.com\/shop\/wp-json\/wp\/v2\/media\/23014"}],"wp:attachment":[{"href":"https:\/\/vineadouro.com\/shop\/wp-json\/wp\/v2\/media?parent=23148"}],"wp:term":[{"taxonomy":"product_brand","embeddable":true,"href":"https:\/\/vineadouro.com\/shop\/wp-json\/wp\/v2\/product_brand?post=23148"},{"taxonomy":"product_cat","embeddable":true,"href":"https:\/\/vineadouro.com\/shop\/wp-json\/wp\/v2\/product_cat?post=23148"},{"taxonomy":"product_tag","embeddable":true,"href":"https:\/\/vineadouro.com\/shop\/wp-json\/wp\/v2\/product_tag?post=23148"}],"curies":[{"name":"wp","href":"https:\/\/api.w.org\/{rel}","templated":true}]}}