{"id":23146,"date":"2024-04-08T10:55:41","date_gmt":"2024-04-08T10:55:41","guid":{"rendered":"https:\/\/vineadouro.com\/shop\/?post_type=product&#038;p=23146"},"modified":"2026-01-22T11:41:09","modified_gmt":"2026-01-22T11:41:09","slug":"pack-vinho-branco-vineadouro-rabigato","status":"publish","type":"product","link":"https:\/\/vineadouro.com\/shop\/produtos\/packs\/pack-vinho-branco-vineadouro-rabigato\/","title":{"rendered":"Pack Vinho Branco Vineadouro Rabigato"},"content":{"rendered":"","protected":false},"excerpt":{"rendered":"<p>Pack de 3 garrafas do vinho branco Vineadouro Rabigato, um vinho que nasce numa vinha com 48 anos com v\u00e1rias castas misturadas, mas onde se vindimaram, \u00e0 parte, todas as cepas de Rabigato. Vinho que sabe mais do que cheira, com um aroma caracter\u00edstico da casta que evolui favoravelmente ao longo do tempo. \u00c9 no palato que melhor se revela o seu car\u00e1cter, com uma acidez vibrante, textura cremosa e um fim de prova persistente.<\/p>\n<p><strong>Regi\u00e3o: <\/strong>DOC Douro<br \/>\n<strong>Colheita: <\/strong>2022<br \/>\n<strong>Castas: <\/strong>Rabigato<br \/>\n<strong>\u00c1lcool: <\/strong>13%<br \/>\n<strong>Consumo: <\/strong>Servir entre 8 e 10\u00baC como aperitivo ou a acompanhar peixes no forno ou no tacho e queijos de pasta mole ou meia-cura<br \/>\n<strong>Capacidade: <\/strong>3X 750ml (caixa de cart\u00e3o)<br \/>\n<strong>Oferta: <\/strong>Manga refrigeradora personalizada<\/p>\n<p><a href=\"https:\/\/www.vivino.com\/vineadouro-rabigato\/w\/8979982\" target=\"_blank\" rel=\"noopener noreferrer\"><br \/>\n<img decoding=\"async\" src=\"\/wp-content\/uploads\/2024\/04\/vivino-icon.jpg\" width=\"80px\" \/><\/a><\/p>\n","protected":false},"featured_media":23018,"comment_status":"open","ping_status":"closed","template":"","meta":[],"product_brand":[],"product_cat":[71],"product_tag":[],"class_list":{"0":"post-23146","1":"product","2":"type-product","3":"status-publish","4":"has-post-thumbnail","6":"product_cat-packs","8":"first","9":"instock","10":"shipping-taxable","11":"purchasable","12":"product-type-simple"},"_links":{"self":[{"href":"https:\/\/vineadouro.com\/shop\/wp-json\/wp\/v2\/product\/23146","targetHints":{"allow":["GET"]}}],"collection":[{"href":"https:\/\/vineadouro.com\/shop\/wp-json\/wp\/v2\/product"}],"about":[{"href":"https:\/\/vineadouro.com\/shop\/wp-json\/wp\/v2\/types\/product"}],"replies":[{"embeddable":true,"href":"https:\/\/vineadouro.com\/shop\/wp-json\/wp\/v2\/comments?post=23146"}],"version-history":[{"count":2,"href":"https:\/\/vineadouro.com\/shop\/wp-json\/wp\/v2\/product\/23146\/revisions"}],"predecessor-version":[{"id":24835,"href":"https:\/\/vineadouro.com\/shop\/wp-json\/wp\/v2\/product\/23146\/revisions\/24835"}],"wp:featuredmedia":[{"embeddable":true,"href":"https:\/\/vineadouro.com\/shop\/wp-json\/wp\/v2\/media\/23018"}],"wp:attachment":[{"href":"https:\/\/vineadouro.com\/shop\/wp-json\/wp\/v2\/media?parent=23146"}],"wp:term":[{"taxonomy":"product_brand","embeddable":true,"href":"https:\/\/vineadouro.com\/shop\/wp-json\/wp\/v2\/product_brand?post=23146"},{"taxonomy":"product_cat","embeddable":true,"href":"https:\/\/vineadouro.com\/shop\/wp-json\/wp\/v2\/product_cat?post=23146"},{"taxonomy":"product_tag","embeddable":true,"href":"https:\/\/vineadouro.com\/shop\/wp-json\/wp\/v2\/product_tag?post=23146"}],"curies":[{"name":"wp","href":"https:\/\/api.w.org\/{rel}","templated":true}]}}