{"id":23144,"date":"2024-04-08T10:53:33","date_gmt":"2024-04-08T10:53:33","guid":{"rendered":"https:\/\/vineadouro.com\/shop\/?post_type=product&#038;p=23144"},"modified":"2026-01-22T11:31:04","modified_gmt":"2026-01-22T11:31:04","slug":"pack-vinho-tinto-vineadouro-reserva","status":"publish","type":"product","link":"https:\/\/vineadouro.com\/shop\/produtos\/packs\/pack-vinho-tinto-vineadouro-reserva\/","title":{"rendered":"Pack Vinho Tinto Vineadouro Reserva"},"content":{"rendered":"","protected":false},"excerpt":{"rendered":"<p>Pack de 3 garrafas do vinho tinto Vineadouro Reserva, elaborado com as melhores uvas das v\u00e1rias parcelas de vinha da quinta. Apresenta cor rubi intensa e aroma intenso e sofisticado. O sabor \u00e9 vibrante, fresco, com uma adstring\u00eancia contida, um flavor perfumado e persistente, onde as discretas notas de madeira de carvalho contribuem para o equil\u00edbrio do conjunto.<\/p>\n<p><strong>Regi\u00e3o: <\/strong>DOC Douro<br \/>\n<strong>Colheita: <\/strong>2019<br \/>\n<strong>Castas: <\/strong>Touriga Nacional, Touriga Franca, Tinta Roriz e uma mistura de vinhas velhas<br \/>\n<strong>\u00c1lcool: <\/strong>13,5%<br \/>\n<strong>Consumo: <\/strong>Servir a 16\u00baC a acompanhar pratos de confe\u00e7\u00e3o lenta, como assados de carne ou estufados de ca\u00e7a<br \/>\n<strong>Capacidade: <\/strong>3X 750ml (caixa de cart\u00e3o)<\/p>\n<p><a href=\"https:\/\/www.vivino.com\/vineadouro-tinto-reserva\/w\/8971807\" target=\"_blank\" rel=\"noopener noreferrer\"><br \/>\n<img decoding=\"async\" src=\"https:\/\/vineadouro.com\/shop\/wp-content\/uploads\/2024\/04\/vivino-icon.jpg\" width=\"80px\" \/><\/a><\/p>\n","protected":false},"featured_media":23020,"comment_status":"open","ping_status":"closed","template":"","meta":[],"product_brand":[],"product_cat":[71],"product_tag":[],"class_list":{"0":"post-23144","1":"product","2":"type-product","3":"status-publish","4":"has-post-thumbnail","6":"product_cat-packs","8":"first","9":"instock","10":"shipping-taxable","11":"purchasable","12":"product-type-simple"},"_links":{"self":[{"href":"https:\/\/vineadouro.com\/shop\/wp-json\/wp\/v2\/product\/23144","targetHints":{"allow":["GET"]}}],"collection":[{"href":"https:\/\/vineadouro.com\/shop\/wp-json\/wp\/v2\/product"}],"about":[{"href":"https:\/\/vineadouro.com\/shop\/wp-json\/wp\/v2\/types\/product"}],"replies":[{"embeddable":true,"href":"https:\/\/vineadouro.com\/shop\/wp-json\/wp\/v2\/comments?post=23144"}],"version-history":[{"count":1,"href":"https:\/\/vineadouro.com\/shop\/wp-json\/wp\/v2\/product\/23144\/revisions"}],"predecessor-version":[{"id":24820,"href":"https:\/\/vineadouro.com\/shop\/wp-json\/wp\/v2\/product\/23144\/revisions\/24820"}],"wp:featuredmedia":[{"embeddable":true,"href":"https:\/\/vineadouro.com\/shop\/wp-json\/wp\/v2\/media\/23020"}],"wp:attachment":[{"href":"https:\/\/vineadouro.com\/shop\/wp-json\/wp\/v2\/media?parent=23144"}],"wp:term":[{"taxonomy":"product_brand","embeddable":true,"href":"https:\/\/vineadouro.com\/shop\/wp-json\/wp\/v2\/product_brand?post=23144"},{"taxonomy":"product_cat","embeddable":true,"href":"https:\/\/vineadouro.com\/shop\/wp-json\/wp\/v2\/product_cat?post=23144"},{"taxonomy":"product_tag","embeddable":true,"href":"https:\/\/vineadouro.com\/shop\/wp-json\/wp\/v2\/product_tag?post=23144"}],"curies":[{"name":"wp","href":"https:\/\/api.w.org\/{rel}","templated":true}]}}