{"id":23142,"date":"2024-04-08T10:49:44","date_gmt":"2024-04-08T10:49:44","guid":{"rendered":"https:\/\/vineadouro.com\/shop\/?post_type=product&#038;p=23142"},"modified":"2026-01-22T11:36:50","modified_gmt":"2026-01-22T11:36:50","slug":"pack-vinho-branco-vineadouro-vinhas-antigas","status":"publish","type":"product","link":"https:\/\/vineadouro.com\/shop\/produtos\/packs\/pack-vinho-branco-vineadouro-vinhas-antigas\/","title":{"rendered":"Pack Vinho Branco Vineadouro Vinhas Antigas"},"content":{"rendered":"","protected":false},"excerpt":{"rendered":"<p>Pack de 3 garrafas do vinho branco Vineadouro Vinhas Antigas, um vinho elaborado com uvas de uma parcela \u00fanica de vinha centen\u00e1ria. \u00c9 um vinho que sabe mais do que cheira, com aroma discreto e um sabor surpreendentemente intenso, persistente, marcado pela frescura \u00e1cida e uma textura sedosa.<\/p>\n<p><strong>Regi\u00e3o: <\/strong>DOC Douro<br \/>\n<strong>Colheita: <\/strong>2020<br \/>\n<strong>Castas: <\/strong>S\u00edria, Folgaz\u00e3o, Gouveio, Trincadeira Branca, Malvasia Fina, Malvasia Rei, Rabigato e Carrega Branco<br \/>\n<strong>\u00c1lcool: <\/strong>13,5%<br \/>\n<strong>Consumo: <\/strong>Servir a 10\u00baC a acompanhar pratos ricos de bacalhau, peixes no forno, estufados de coelho ou aves e queijos de pasta mole ou de meia-cura<br \/>\n<strong>Capacidade: <\/strong>3X 750ml (caixa de cart\u00e3o)<br \/>\n<strong>Oferta: <\/strong>Manga refrigeradora personalizada<\/p>\n<p><a href=\"https:\/\/www.vivino.com\/vineadouro-vinhas-antigas\/w\/8979983\" target=\"_blank\" rel=\"noopener noreferrer\"><br \/>\n<img decoding=\"async\" src=\"\/wp-content\/uploads\/2024\/04\/vivino-icon.jpg\" width=\"80px\" \/><\/a><\/p>\n","protected":false},"featured_media":23030,"comment_status":"open","ping_status":"closed","template":"","meta":[],"product_brand":[],"product_cat":[71],"product_tag":[],"class_list":{"0":"post-23142","1":"product","2":"type-product","3":"status-publish","4":"has-post-thumbnail","6":"product_cat-packs","8":"first","9":"instock","10":"shipping-taxable","11":"purchasable","12":"product-type-simple"},"_links":{"self":[{"href":"https:\/\/vineadouro.com\/shop\/wp-json\/wp\/v2\/product\/23142","targetHints":{"allow":["GET"]}}],"collection":[{"href":"https:\/\/vineadouro.com\/shop\/wp-json\/wp\/v2\/product"}],"about":[{"href":"https:\/\/vineadouro.com\/shop\/wp-json\/wp\/v2\/types\/product"}],"replies":[{"embeddable":true,"href":"https:\/\/vineadouro.com\/shop\/wp-json\/wp\/v2\/comments?post=23142"}],"version-history":[{"count":2,"href":"https:\/\/vineadouro.com\/shop\/wp-json\/wp\/v2\/product\/23142\/revisions"}],"predecessor-version":[{"id":24827,"href":"https:\/\/vineadouro.com\/shop\/wp-json\/wp\/v2\/product\/23142\/revisions\/24827"}],"wp:featuredmedia":[{"embeddable":true,"href":"https:\/\/vineadouro.com\/shop\/wp-json\/wp\/v2\/media\/23030"}],"wp:attachment":[{"href":"https:\/\/vineadouro.com\/shop\/wp-json\/wp\/v2\/media?parent=23142"}],"wp:term":[{"taxonomy":"product_brand","embeddable":true,"href":"https:\/\/vineadouro.com\/shop\/wp-json\/wp\/v2\/product_brand?post=23142"},{"taxonomy":"product_cat","embeddable":true,"href":"https:\/\/vineadouro.com\/shop\/wp-json\/wp\/v2\/product_cat?post=23142"},{"taxonomy":"product_tag","embeddable":true,"href":"https:\/\/vineadouro.com\/shop\/wp-json\/wp\/v2\/product_tag?post=23142"}],"curies":[{"name":"wp","href":"https:\/\/api.w.org\/{rel}","templated":true}]}}