{"id":23002,"date":"2024-04-05T11:31:23","date_gmt":"2024-04-05T11:31:23","guid":{"rendered":"https:\/\/vineadouro.com\/shop\/?post_type=product&#038;p=23002"},"modified":"2026-01-07T17:02:10","modified_gmt":"2026-01-07T17:02:10","slug":"azeite-virgem-extra-quinta-da-vineadouro","status":"publish","type":"product","link":"https:\/\/vineadouro.com\/shop\/produtos\/azeites\/azeite-virgem-extra-quinta-da-vineadouro\/","title":{"rendered":"Azeite Virgem Extra Quinta da Vineadouro"},"content":{"rendered":"","protected":false},"excerpt":{"rendered":"<p>O azeite virgem extra da Quinta da Vineadouro \u00e9 extra\u00eddo de azeitonas provenientes dos vales do Douro Superior, onde a frescura do rio se cruza com o calor das encostas. Exibe cor amarela-esverdeada, cheiro e aroma frutado, com notas de ma\u00e7\u00e3, tomate e am\u00eandoa, envolvidas pela sensa\u00e7\u00e3o amarga e picante sendo o final longo e persistente.<\/p>\n<p><strong>Regi\u00e3o: <\/strong>DOP Tr\u00e1s-os-Montes<br \/>\n<strong>Variedades: <\/strong>Verdeal Transmontana, Madural Transmontana, Cobran\u00e7osa e Cordovil<br \/>\n<strong>Acidez: <\/strong>0,2%<br \/>\n<strong>Consumo: <\/strong>Servir entre os 15-18\u00baC a acompanhar nacos de carne, peixes cozidos e grelhados, bacalhau, saladas diversas, molhos, torradas com alho e sopas<br \/>\n<strong>Capacidade: <\/strong>500ml<\/p>\n","protected":false},"featured_media":22947,"comment_status":"open","ping_status":"closed","template":"","meta":[],"product_brand":[],"product_cat":[70],"product_tag":[],"class_list":{"0":"post-23002","1":"product","2":"type-product","3":"status-publish","4":"has-post-thumbnail","6":"product_cat-azeites","8":"first","9":"instock","10":"shipping-taxable","11":"purchasable","12":"product-type-simple"},"_links":{"self":[{"href":"https:\/\/vineadouro.com\/shop\/wp-json\/wp\/v2\/product\/23002","targetHints":{"allow":["GET"]}}],"collection":[{"href":"https:\/\/vineadouro.com\/shop\/wp-json\/wp\/v2\/product"}],"about":[{"href":"https:\/\/vineadouro.com\/shop\/wp-json\/wp\/v2\/types\/product"}],"replies":[{"embeddable":true,"href":"https:\/\/vineadouro.com\/shop\/wp-json\/wp\/v2\/comments?post=23002"}],"version-history":[{"count":1,"href":"https:\/\/vineadouro.com\/shop\/wp-json\/wp\/v2\/product\/23002\/revisions"}],"predecessor-version":[{"id":24890,"href":"https:\/\/vineadouro.com\/shop\/wp-json\/wp\/v2\/product\/23002\/revisions\/24890"}],"wp:featuredmedia":[{"embeddable":true,"href":"https:\/\/vineadouro.com\/shop\/wp-json\/wp\/v2\/media\/22947"}],"wp:attachment":[{"href":"https:\/\/vineadouro.com\/shop\/wp-json\/wp\/v2\/media?parent=23002"}],"wp:term":[{"taxonomy":"product_brand","embeddable":true,"href":"https:\/\/vineadouro.com\/shop\/wp-json\/wp\/v2\/product_brand?post=23002"},{"taxonomy":"product_cat","embeddable":true,"href":"https:\/\/vineadouro.com\/shop\/wp-json\/wp\/v2\/product_cat?post=23002"},{"taxonomy":"product_tag","embeddable":true,"href":"https:\/\/vineadouro.com\/shop\/wp-json\/wp\/v2\/product_tag?post=23002"}],"curies":[{"name":"wp","href":"https:\/\/api.w.org\/{rel}","templated":true}]}}