{"id":22998,"date":"2024-04-05T11:19:28","date_gmt":"2024-04-05T11:19:28","guid":{"rendered":"https:\/\/vineadouro.com\/shop\/?post_type=product&#038;p=22998"},"modified":"2026-01-22T11:25:47","modified_gmt":"2026-01-22T11:25:47","slug":"vinho-tinto-vineadouro-reserva","status":"publish","type":"product","link":"https:\/\/vineadouro.com\/shop\/produtos\/vinhos-douro\/vinho-tinto-vineadouro-reserva\/","title":{"rendered":"Vinho Tinto Vineadouro Reserva"},"content":{"rendered":"","protected":false},"excerpt":{"rendered":"<p>O vinho tinto Vineadouro Reserva \u00e9 elaborado com as melhores uvas das v\u00e1rias parcelas de vinha da quinta. Passou por uma vinifica\u00e7\u00e3o minimalista, em cuba de inox, tendo estagiado 12 meses em barricas de carvalho franc\u00eas. Apresenta aroma intenso e sofisticado. O sabor \u00e9 vibrante, fresco, com uma adstring\u00eancia contida, um flavor perfumado e persistente, onde as discretas notas de madeira de carvalho contribuem para o equil\u00edbrio do conjunto.<\/p>\n<p><strong>Regi\u00e3o: <\/strong>DOC Douro<br \/>\n<strong>Colheita: <\/strong>2021<br \/>\n<strong>Castas: <\/strong>Touriga Nacional, Touriga Franca, Tinta Roriz e uma mistura de vinhas velhas<br \/>\n<strong>\u00c1lcool: <\/strong>13,5%<br \/>\n<strong>Gastronomia: <\/strong>Servir a 16\u00baC a acompanhar pratos de confe\u00e7\u00e3o lenta, como assados de carne ou estufados de ca\u00e7a<br \/>\n<strong>Capacidade: <\/strong>750ml<\/p>\n<p><a href=\"https:\/\/www.vivino.com\/vineadouro-tinto-reserva\/w\/8971807\" target=\"_blank\" rel=\"noopener noreferrer\"><br \/>\n<img decoding=\"async\" src=\"https:\/\/vineadouro.com\/shop\/wp-content\/uploads\/2024\/04\/vivino-icon.jpg\" width=\"80px\" \/><\/a><\/p>\n","protected":false},"featured_media":24558,"comment_status":"open","ping_status":"closed","template":"","meta":[],"product_brand":[],"product_cat":[20],"product_tag":[],"class_list":{"0":"post-22998","1":"product","2":"type-product","3":"status-publish","4":"has-post-thumbnail","6":"product_cat-vinhos-douro","8":"first","9":"instock","10":"shipping-taxable","11":"purchasable","12":"product-type-simple"},"_links":{"self":[{"href":"https:\/\/vineadouro.com\/shop\/wp-json\/wp\/v2\/product\/22998","targetHints":{"allow":["GET"]}}],"collection":[{"href":"https:\/\/vineadouro.com\/shop\/wp-json\/wp\/v2\/product"}],"about":[{"href":"https:\/\/vineadouro.com\/shop\/wp-json\/wp\/v2\/types\/product"}],"replies":[{"embeddable":true,"href":"https:\/\/vineadouro.com\/shop\/wp-json\/wp\/v2\/comments?post=22998"}],"version-history":[{"count":1,"href":"https:\/\/vineadouro.com\/shop\/wp-json\/wp\/v2\/product\/22998\/revisions"}],"predecessor-version":[{"id":24884,"href":"https:\/\/vineadouro.com\/shop\/wp-json\/wp\/v2\/product\/22998\/revisions\/24884"}],"wp:featuredmedia":[{"embeddable":true,"href":"https:\/\/vineadouro.com\/shop\/wp-json\/wp\/v2\/media\/24558"}],"wp:attachment":[{"href":"https:\/\/vineadouro.com\/shop\/wp-json\/wp\/v2\/media?parent=22998"}],"wp:term":[{"taxonomy":"product_brand","embeddable":true,"href":"https:\/\/vineadouro.com\/shop\/wp-json\/wp\/v2\/product_brand?post=22998"},{"taxonomy":"product_cat","embeddable":true,"href":"https:\/\/vineadouro.com\/shop\/wp-json\/wp\/v2\/product_cat?post=22998"},{"taxonomy":"product_tag","embeddable":true,"href":"https:\/\/vineadouro.com\/shop\/wp-json\/wp\/v2\/product_tag?post=22998"}],"curies":[{"name":"wp","href":"https:\/\/api.w.org\/{rel}","templated":true}]}}