{"id":22996,"date":"2024-04-05T11:14:14","date_gmt":"2024-04-05T11:14:14","guid":{"rendered":"https:\/\/vineadouro.com\/shop\/?post_type=product&#038;p=22996"},"modified":"2026-01-22T11:24:48","modified_gmt":"2026-01-22T11:24:48","slug":"vinho-branco-vineadouro-special-edition","status":"publish","type":"product","link":"https:\/\/vineadouro.com\/shop\/produtos\/vinhos-douro\/vinho-branco-vineadouro-special-edition\/","title":{"rendered":"Vinho Branco Vineadouro Special Edition"},"content":{"rendered":"","protected":false},"excerpt":{"rendered":"<p>O vinho branco Vineadouro Special Edition \u00e9 um vinho muito especial feito com as melhores uvas das v\u00e1rias parcelas de vinha, onde predominam as castas Rabigato, Gouveio e S\u00edria num blend \u00edmpar de frescura e acidez. Apresenta aromas frescos e citrinos que se vai revelando ao longo do tempo. \u00c9 no palato que melhor se expressa o seu car\u00e1cter, com uma acidez intensa e uma frescura persistente que se prolonga no fim de prova, sobressaindo a harmonia do conjunto. Uma edi\u00e7\u00e3o limitada em que apenas se produziram 2.000 garrafas.<\/p>\n<p><strong>Regi\u00e3o: <\/strong>DOC Douro<br \/>\n<strong>Colheita: <\/strong>2021<br \/>\n<strong>Castas: <\/strong>Rabigato, Gouveio e S\u00edria<br \/>\n<strong>\u00c1lcool: <\/strong>13%<br \/>\n<strong>Gastronomia: <\/strong>Servir a 8\u00baC a acompanhar saladas, pratos de marisco e peixes assados ou grelhados<br \/>\n<strong>Capacidade: <\/strong>750ml<\/p>\n<p><a href=\"https:\/\/www.vivino.com\/vineadouro-special-edition-branco\/w\/11789264\" target=\"_blank\" rel=\"noopener noreferrer\"><br \/>\n<img decoding=\"async\" src=\"https:\/\/vineadouro.com\/shop\/wp-content\/uploads\/2024\/04\/vivino-icon.jpg\" width=\"80px\" \/><\/a><\/p>\n","protected":false},"featured_media":24554,"comment_status":"open","ping_status":"closed","template":"","meta":[],"product_brand":[],"product_cat":[20],"product_tag":[],"class_list":{"0":"post-22996","1":"product","2":"type-product","3":"status-publish","4":"has-post-thumbnail","6":"product_cat-vinhos-douro","8":"first","9":"instock","10":"shipping-taxable","11":"purchasable","12":"product-type-simple"},"_links":{"self":[{"href":"https:\/\/vineadouro.com\/shop\/wp-json\/wp\/v2\/product\/22996","targetHints":{"allow":["GET"]}}],"collection":[{"href":"https:\/\/vineadouro.com\/shop\/wp-json\/wp\/v2\/product"}],"about":[{"href":"https:\/\/vineadouro.com\/shop\/wp-json\/wp\/v2\/types\/product"}],"replies":[{"embeddable":true,"href":"https:\/\/vineadouro.com\/shop\/wp-json\/wp\/v2\/comments?post=22996"}],"version-history":[{"count":2,"href":"https:\/\/vineadouro.com\/shop\/wp-json\/wp\/v2\/product\/22996\/revisions"}],"predecessor-version":[{"id":24883,"href":"https:\/\/vineadouro.com\/shop\/wp-json\/wp\/v2\/product\/22996\/revisions\/24883"}],"wp:featuredmedia":[{"embeddable":true,"href":"https:\/\/vineadouro.com\/shop\/wp-json\/wp\/v2\/media\/24554"}],"wp:attachment":[{"href":"https:\/\/vineadouro.com\/shop\/wp-json\/wp\/v2\/media?parent=22996"}],"wp:term":[{"taxonomy":"product_brand","embeddable":true,"href":"https:\/\/vineadouro.com\/shop\/wp-json\/wp\/v2\/product_brand?post=22996"},{"taxonomy":"product_cat","embeddable":true,"href":"https:\/\/vineadouro.com\/shop\/wp-json\/wp\/v2\/product_cat?post=22996"},{"taxonomy":"product_tag","embeddable":true,"href":"https:\/\/vineadouro.com\/shop\/wp-json\/wp\/v2\/product_tag?post=22996"}],"curies":[{"name":"wp","href":"https:\/\/api.w.org\/{rel}","templated":true}]}}