{"id":22994,"date":"2024-04-05T10:59:09","date_gmt":"2024-04-05T10:59:09","guid":{"rendered":"https:\/\/vineadouro.com\/shop\/?post_type=product&#038;p=22994"},"modified":"2026-01-22T11:24:13","modified_gmt":"2026-01-22T11:24:13","slug":"vinho-branco-vineadouro-rabigato","status":"publish","type":"product","link":"https:\/\/vineadouro.com\/shop\/produtos\/vinhos-douro\/vinho-branco-vineadouro-rabigato\/","title":{"rendered":"Vinho Branco Vineadouro Rabigato"},"content":{"rendered":"","protected":false},"excerpt":{"rendered":"<p>O vinho branco Vineadouro Rabigato nasce numa vinha com 48 anos com v\u00e1rias castas misturadas, mas onde se vindimaram, \u00e0 parte, todas as cepas de Rabigato, uma casta com grandes tradi\u00e7\u00f5es no Douro Superior, onde \u00e9 muito frequente nas vinhas antigas e d\u00e1 origem a vinhos de grande personalidade. O Vineadouro Rabigato \u00e9 um vinho que sabe mais do que cheira, com um aroma caracter\u00edstico da casta que evolui favoravelmente ao longo do tempo. \u00c9 no palato que melhor se revela o seu car\u00e1cter, com uma acidez vibrante, textura cremosa e um fim de prova persistente.<\/p>\n<p><strong>Regi\u00e3o: <\/strong>DOC Douro<br \/>\n<strong>Colheita: <\/strong>2023<br \/>\n<strong>Castas: <\/strong>Rabigato<br \/>\n<strong>\u00c1lcool: <\/strong>13%<br \/>\n<strong>Gastronomia: <\/strong>Servir entre 8 e 10\u00baC como aperitivo ou a acompanhar pratos de peixe no forno ou no tacho, como caldeirada ou cataplana, sendo tamb\u00e9m perfeito com queijos de pasta mole ou meia-cura<br \/>\n<strong>Capacidade: <\/strong>750ml<\/p>\n<p><a href=\"https:\/\/www.vivino.com\/vineadouro-rabigato\/w\/8979982\" target=\"_blank\" rel=\"noopener noreferrer\"><br \/>\n<img decoding=\"async\" src=\"https:\/\/vineadouro.com\/shop\/wp-content\/uploads\/2024\/04\/vivino-icon.jpg\" width=\"80px\" \/><\/a><\/p>\n","protected":false},"featured_media":24556,"comment_status":"open","ping_status":"closed","template":"","meta":[],"product_brand":[],"product_cat":[20],"product_tag":[],"class_list":{"0":"post-22994","1":"product","2":"type-product","3":"status-publish","4":"has-post-thumbnail","6":"product_cat-vinhos-douro","8":"first","9":"instock","10":"shipping-taxable","11":"purchasable","12":"product-type-simple"},"_links":{"self":[{"href":"https:\/\/vineadouro.com\/shop\/wp-json\/wp\/v2\/product\/22994","targetHints":{"allow":["GET"]}}],"collection":[{"href":"https:\/\/vineadouro.com\/shop\/wp-json\/wp\/v2\/product"}],"about":[{"href":"https:\/\/vineadouro.com\/shop\/wp-json\/wp\/v2\/types\/product"}],"replies":[{"embeddable":true,"href":"https:\/\/vineadouro.com\/shop\/wp-json\/wp\/v2\/comments?post=22994"}],"version-history":[{"count":2,"href":"https:\/\/vineadouro.com\/shop\/wp-json\/wp\/v2\/product\/22994\/revisions"}],"predecessor-version":[{"id":24912,"href":"https:\/\/vineadouro.com\/shop\/wp-json\/wp\/v2\/product\/22994\/revisions\/24912"}],"wp:featuredmedia":[{"embeddable":true,"href":"https:\/\/vineadouro.com\/shop\/wp-json\/wp\/v2\/media\/24556"}],"wp:attachment":[{"href":"https:\/\/vineadouro.com\/shop\/wp-json\/wp\/v2\/media?parent=22994"}],"wp:term":[{"taxonomy":"product_brand","embeddable":true,"href":"https:\/\/vineadouro.com\/shop\/wp-json\/wp\/v2\/product_brand?post=22994"},{"taxonomy":"product_cat","embeddable":true,"href":"https:\/\/vineadouro.com\/shop\/wp-json\/wp\/v2\/product_cat?post=22994"},{"taxonomy":"product_tag","embeddable":true,"href":"https:\/\/vineadouro.com\/shop\/wp-json\/wp\/v2\/product_tag?post=22994"}],"curies":[{"name":"wp","href":"https:\/\/api.w.org\/{rel}","templated":true}]}}