{"id":22959,"date":"2024-04-05T10:28:16","date_gmt":"2024-04-05T10:28:16","guid":{"rendered":"https:\/\/vineadouro.com\/shop\/?post_type=product&#038;p=22959"},"modified":"2026-01-22T11:23:28","modified_gmt":"2026-01-22T11:23:28","slug":"vinho-branco-vineadouro-vinhas-antigas","status":"publish","type":"product","link":"https:\/\/vineadouro.com\/shop\/produtos\/vinhos-douro\/vinho-branco-vineadouro-vinhas-antigas\/","title":{"rendered":"Vinho Branco Vineadouro Vinhas Antigas"},"content":{"rendered":"","protected":false},"excerpt":{"rendered":"<p>O vinho branco Vineadouro Vinhas Antigas evoca aromas e sabores antigos com o objetivo de reverenciar a vinha de onde vieram as uvas e homenagear os familiares que a plantaram, h\u00e1 mais de cem anos. Elaborado com uvas de uma \u00fanica parcela de vinha centen\u00e1ria chamada \u201cCoitadinha\u201d, \u00e9 um vinho que sabe mais do que cheira, com aroma discreto e um sabor surpreendentemente intenso, persistente, marcado pela frescura \u00e1cida e uma textura sedosa.<\/p>\n<p><strong>Regi\u00e3o: <\/strong>DOC Douro<br \/>\n<strong>Colheita: <\/strong>2021<br \/>\n<strong>Castas: <\/strong>S\u00edria, Folgaz\u00e3o, Gouveio, Trincadeira Branca, Malvasia Fina, Malvasia Rei, Rabigato e Carrega Branco<br \/>\n<strong>\u00c1lcool: <\/strong>13,5%<br \/>\n<strong>Gastronomia: <\/strong>Servir a 10\u00baC a acompanhar pratos ricos de bacalhau, peixes no forno, estufados de coelho ou aves e queijos de pasta mole ou de meia-cura<br \/>\n<strong>Capacidade: <\/strong>750ml<\/p>\n<p><a href=\"https:\/\/www.vivino.com\/vineadouro-vinhas-antigas\/w\/8979983\" target=\"_blank\" rel=\"noopener noreferrer\"><br \/>\n<img decoding=\"async\" src=\"https:\/\/vineadouro.com\/shop\/wp-content\/uploads\/2024\/04\/vivino-icon.jpg\" width=\"80px\" \/><\/a><\/p>\n","protected":false},"featured_media":24552,"comment_status":"open","ping_status":"closed","template":"","meta":[],"product_brand":[],"product_cat":[20],"product_tag":[],"class_list":{"0":"post-22959","1":"product","2":"type-product","3":"status-publish","4":"has-post-thumbnail","6":"product_cat-vinhos-douro","8":"first","9":"instock","10":"shipping-taxable","11":"purchasable","12":"product-type-simple"},"_links":{"self":[{"href":"https:\/\/vineadouro.com\/shop\/wp-json\/wp\/v2\/product\/22959","targetHints":{"allow":["GET"]}}],"collection":[{"href":"https:\/\/vineadouro.com\/shop\/wp-json\/wp\/v2\/product"}],"about":[{"href":"https:\/\/vineadouro.com\/shop\/wp-json\/wp\/v2\/types\/product"}],"replies":[{"embeddable":true,"href":"https:\/\/vineadouro.com\/shop\/wp-json\/wp\/v2\/comments?post=22959"}],"version-history":[{"count":2,"href":"https:\/\/vineadouro.com\/shop\/wp-json\/wp\/v2\/product\/22959\/revisions"}],"predecessor-version":[{"id":24886,"href":"https:\/\/vineadouro.com\/shop\/wp-json\/wp\/v2\/product\/22959\/revisions\/24886"}],"wp:featuredmedia":[{"embeddable":true,"href":"https:\/\/vineadouro.com\/shop\/wp-json\/wp\/v2\/media\/24552"}],"wp:attachment":[{"href":"https:\/\/vineadouro.com\/shop\/wp-json\/wp\/v2\/media?parent=22959"}],"wp:term":[{"taxonomy":"product_brand","embeddable":true,"href":"https:\/\/vineadouro.com\/shop\/wp-json\/wp\/v2\/product_brand?post=22959"},{"taxonomy":"product_cat","embeddable":true,"href":"https:\/\/vineadouro.com\/shop\/wp-json\/wp\/v2\/product_cat?post=22959"},{"taxonomy":"product_tag","embeddable":true,"href":"https:\/\/vineadouro.com\/shop\/wp-json\/wp\/v2\/product_tag?post=22959"}],"curies":[{"name":"wp","href":"https:\/\/api.w.org\/{rel}","templated":true}]}}