{"id":22856,"date":"2024-04-04T11:21:25","date_gmt":"2024-04-04T11:21:25","guid":{"rendered":"https:\/\/vineadouro.com\/shop\/?post_type=product&#038;p=22856"},"modified":"2026-01-22T11:26:17","modified_gmt":"2026-01-22T11:26:17","slug":"vinho-tinto-vineadouro-vinhas-antigas-reserva","status":"publish","type":"product","link":"https:\/\/vineadouro.com\/shop\/produtos\/vinhos-douro\/vinho-tinto-vineadouro-vinhas-antigas-reserva\/","title":{"rendered":"Vinho Tinto Vineadouro Vinhas Antigas Reserva"},"content":{"rendered":"","protected":false},"excerpt":{"rendered":"<p>O vinho tinto Vineadouro Vinhas Antigas Reserva \u00e9 um vinho que pretende evocar aromas e sabores antigos, sendo elaborado com uvas de uma \u00fanica parcela de vinha centen\u00e1ria chamada \u201cCoitadinha\u201d. \u00c9 um vinho que exibe cor rubi aberta. Aroma delicado e sedutor, surpreende pela inesperada persist\u00eancia de boca e um flavor elegante. O conjunto evidencia uma harmonia que se vai revelando ao longo do tempo de prova.<\/p>\n<p><strong>Regi\u00e3o: <\/strong>DOC Douro<br \/>\n<strong>Colheita: <\/strong>2019<br \/>\n<strong>Castas: <\/strong>Bastardo, Casculho, Cornifesto, Malvasia Preta, Moreto, Rufete e Touriga Franca<br \/>\n<strong>\u00c1lcool: <\/strong>14%<br \/>\n<strong>Gastronomia: <\/strong>Servir a 16\u00baC a acompanhar pratos de carne de confe\u00e7\u00e3o ligeira ou peixes assados no forno<br \/>\n<strong>Capacidade: <\/strong>750ml<\/p>\n<p><a href=\"https:\/\/www.vivino.com\/vineadouro-vinhas-antigas-reserva-red\/w\/11026342\" target=\"_blank\" rel=\"noopener noreferrer\"><br \/>\n<img decoding=\"async\" src=\"https:\/\/vineadouro.com\/shop\/wp-content\/uploads\/2024\/04\/vivino-icon.jpg\" width=\"80px\" \/><\/a><\/p>\n","protected":false},"featured_media":24550,"comment_status":"open","ping_status":"closed","template":"","meta":[],"product_brand":[],"product_cat":[20],"product_tag":[],"class_list":{"0":"post-22856","1":"product","2":"type-product","3":"status-publish","4":"has-post-thumbnail","6":"product_cat-vinhos-douro","8":"first","9":"instock","10":"shipping-taxable","11":"purchasable","12":"product-type-simple"},"_links":{"self":[{"href":"https:\/\/vineadouro.com\/shop\/wp-json\/wp\/v2\/product\/22856","targetHints":{"allow":["GET"]}}],"collection":[{"href":"https:\/\/vineadouro.com\/shop\/wp-json\/wp\/v2\/product"}],"about":[{"href":"https:\/\/vineadouro.com\/shop\/wp-json\/wp\/v2\/types\/product"}],"replies":[{"embeddable":true,"href":"https:\/\/vineadouro.com\/shop\/wp-json\/wp\/v2\/comments?post=22856"}],"version-history":[{"count":2,"href":"https:\/\/vineadouro.com\/shop\/wp-json\/wp\/v2\/product\/22856\/revisions"}],"predecessor-version":[{"id":24915,"href":"https:\/\/vineadouro.com\/shop\/wp-json\/wp\/v2\/product\/22856\/revisions\/24915"}],"wp:featuredmedia":[{"embeddable":true,"href":"https:\/\/vineadouro.com\/shop\/wp-json\/wp\/v2\/media\/24550"}],"wp:attachment":[{"href":"https:\/\/vineadouro.com\/shop\/wp-json\/wp\/v2\/media?parent=22856"}],"wp:term":[{"taxonomy":"product_brand","embeddable":true,"href":"https:\/\/vineadouro.com\/shop\/wp-json\/wp\/v2\/product_brand?post=22856"},{"taxonomy":"product_cat","embeddable":true,"href":"https:\/\/vineadouro.com\/shop\/wp-json\/wp\/v2\/product_cat?post=22856"},{"taxonomy":"product_tag","embeddable":true,"href":"https:\/\/vineadouro.com\/shop\/wp-json\/wp\/v2\/product_tag?post=22856"}],"curies":[{"name":"wp","href":"https:\/\/api.w.org\/{rel}","templated":true}]}}