{"id":23040,"date":"2024-04-05T14:01:22","date_gmt":"2024-04-05T14:01:22","guid":{"rendered":"https:\/\/vineadouro.com\/shop\/?page_id=23040"},"modified":"2026-01-08T15:22:36","modified_gmt":"2026-01-08T15:22:36","slug":"contactos","status":"publish","type":"page","link":"https:\/\/vineadouro.com\/shop\/contactos\/","title":{"rendered":"Contactos"},"content":{"rendered":"\t\t<div data-elementor-type=\"wp-page\" data-elementor-id=\"23040\" class=\"elementor elementor-23040\">\n\t\t\t\t<div class=\"wd-negative-gap elementor-element elementor-element-f99879d wd-section-stretch e-flex e-con-boxed e-con e-parent\" data-id=\"f99879d\" data-element_type=\"container\" data-settings=\"{&quot;background_background&quot;:&quot;classic&quot;}\">\n\t\t\t\t\t<div class=\"e-con-inner\">\n\t\t<div class=\"elementor-element elementor-element-f83332a e-con-full e-flex e-con e-child\" data-id=\"f83332a\" data-element_type=\"container\">\n\t\t\t\t<div class=\"elementor-element elementor-element-00552bb elementor-widget elementor-widget-wd_button\" data-id=\"00552bb\" data-element_type=\"widget\" data-widget_type=\"wd_button.default\">\n\t\t\t\t<div class=\"elementor-widget-container\">\n\t\t\t\t\t\t\t<div class=\"wd-button-wrapper text-left\" >\n\t\t\t<a class=\"btn btn-style-default btn-style-rectangle btn-size-default btn-color-primary btn-icon-pos-right\" href=\"https:\/\/www.google.pt\/maps\/place\/Quinta+da+Vineadouro+-+Family+Vineyards+%26+Wine+Hotel\/@41.0864377,-7.2824633,16.25z\/data=!4m8!1m2!2m1!1sEstrada+da+Barragem+do+Catapereiro+5155-639+!3m4!1s0xd3b63a558116937:0x90a15c958a05ac5a!8m2!3d41.0857045!4d-7.2809476\" target=\"_blank\" rel=\"noopener\">\n\t\t\t\t<span class=\"wd-btn-text\" data-elementor-setting-key=\"text\">\n\t\t\t\t\tVER LOCALIZA\u00c7\u00c3O\t\t\t\t<\/span>\n\n\t\t\t\t\t\t\t<\/a>\n\t\t<\/div>\n\t\t\t\t\t\t<\/div>\n\t\t\t\t<\/div>\n\t\t\t\t<div class=\"elementor-element elementor-element-3745ecc contacts-block wd-width-100 elementor-widget elementor-widget-wd_title\" data-id=\"3745ecc\" data-element_type=\"widget\" data-widget_type=\"wd_title.default\">\n\t\t\t\t<div class=\"elementor-widget-container\">\n\t\t\t\t\t\t\t<div class=\"title-wrapper set-mb-s reset-last-child wd-title-color-default wd-title-style-default wd-title-size-small text-left\">\n\n\t\t\t\n\t\t\t<div class=\"liner-continer\">\n\t\t\t\t<h4 class=\"woodmart-title-container title wd-fontsize-m\">CONTACTOS GERAIS<\/h4> \n\t\t\t\t\t\t\t<\/div>\n\n\t\t\t\t\t\t\t<div class=\"title-after_title set-cont-mb-s reset-last-child wd-fontsize-xs\">\n\t\t\t\t\tEmail:\u00a0<a href=\"mailto:geral@vineadouro.com\">geral@vineadouro.com<\/a><br \/>Telefone: +351 912 007 287<p>(chamada rede m\u00f3vel nacional)<\/p>\t\t\t\t<\/div>\n\t\t\t\t\t<\/div>\n\t\t\t\t\t\t<\/div>\n\t\t\t\t<\/div>\n\t\t\t\t<div class=\"elementor-element elementor-element-fce67f2 wd-width-100 elementor-widget elementor-widget-wd_title\" data-id=\"fce67f2\" data-element_type=\"widget\" data-widget_type=\"wd_title.default\">\n\t\t\t\t<div class=\"elementor-widget-container\">\n\t\t\t\t\t\t\t<div class=\"title-wrapper set-mb-s reset-last-child wd-title-color-default wd-title-style-default wd-title-size-small text-left\">\n\n\t\t\t\n\t\t\t<div class=\"liner-continer\">\n\t\t\t\t<h4 class=\"woodmart-title-container title wd-fontsize-m\">LOCALIZA\u00c7\u00c3O<\/h4> \n\t\t\t\t\t\t\t<\/div>\n\n\t\t\t\t\t\t\t<div class=\"title-after_title set-cont-mb-s reset-last-child wd-fontsize-xs\">\n\t\t\t\t\t<p>Estrada da Barragem do Catapereiro<br \/>5155-639 Num\u00e3o<br \/>Portugal<\/p>\t\t\t\t<\/div>\n\t\t\t\t\t<\/div>\n\t\t\t\t\t\t<\/div>\n\t\t\t\t<\/div>\n\t\t\t\t<\/div>\n\t\t<div class=\"elementor-element elementor-element-88345d1 e-con-full e-flex e-con e-child\" data-id=\"88345d1\" data-element_type=\"container\">\n\t\t\t\t<div class=\"elementor-element elementor-element-3d0e1e3 elementor-widget elementor-widget-wd_image_or_svg\" data-id=\"3d0e1e3\" data-element_type=\"widget\" data-widget_type=\"wd_image_or_svg.default\">\n\t\t\t\t<div class=\"elementor-widget-container\">\n\t\t\t\t\t\n\t\t<div class=\"wd-image text-left\">\n\t\t\t\t\t\t\t\t<img fetchpriority=\"high\" decoding=\"async\" width=\"1200\" height=\"1000\" src=\"https:\/\/vineadouro.com\/shop\/wp-content\/uploads\/2026\/01\/contactos-vineadouro-shop.webp\" class=\"attachment-1200x1000 size-1200x1000\" alt=\"\" srcset=\"https:\/\/vineadouro.com\/shop\/wp-content\/uploads\/2026\/01\/contactos-vineadouro-shop.webp 1200w, https:\/\/vineadouro.com\/shop\/wp-content\/uploads\/2026\/01\/contactos-vineadouro-shop-360x300.webp 360w, https:\/\/vineadouro.com\/shop\/wp-content\/uploads\/2026\/01\/contactos-vineadouro-shop-960x800.webp 960w, https:\/\/vineadouro.com\/shop\/wp-content\/uploads\/2026\/01\/contactos-vineadouro-shop-768x640.webp 768w, https:\/\/vineadouro.com\/shop\/wp-content\/uploads\/2026\/01\/contactos-vineadouro-shop-1000x833.webp 1000w, https:\/\/vineadouro.com\/shop\/wp-content\/uploads\/2026\/01\/contactos-vineadouro-shop-150x125.webp 150w\" sizes=\"(max-width: 1200px) 100vw, 1200px\" \/>\t\t\t\t\t<\/div>\n\n\t\t\t\t\t\t<\/div>\n\t\t\t\t<\/div>\n\t\t\t\t<\/div>\n\t\t\t\t\t<\/div>\n\t\t\t\t<\/div>\n\t\t<div class=\"wd-negative-gap elementor-element elementor-element-ae04d43 wd-section-stretch e-flex e-con-boxed e-con e-parent\" data-id=\"ae04d43\" data-element_type=\"container\" data-settings=\"{&quot;background_background&quot;:&quot;classic&quot;}\">\n\t\t\t\t\t<div class=\"e-con-inner\">\n\t\t<div class=\"elementor-element elementor-element-ba7a2aa e-con-full e-flex e-con e-child\" data-id=\"ba7a2aa\" data-element_type=\"container\">\n\t\t\t\t<div class=\"elementor-element elementor-element-53fd7bc elementor-widget elementor-widget-wd_image_or_svg\" data-id=\"53fd7bc\" data-element_type=\"widget\" data-widget_type=\"wd_image_or_svg.default\">\n\t\t\t\t<div class=\"elementor-widget-container\">\n\t\t\t\t\t\n\t\t<div class=\"wd-image text-left\">\n\t\t\t\t\t\t\t\t<img decoding=\"async\" width=\"1200\" height=\"1000\" src=\"https:\/\/vineadouro.com\/shop\/wp-content\/uploads\/2026\/01\/contactos-vineadouro-shop-.webp\" class=\"attachment-1200x1000 size-1200x1000\" alt=\"\" srcset=\"https:\/\/vineadouro.com\/shop\/wp-content\/uploads\/2026\/01\/contactos-vineadouro-shop-.webp 1200w, https:\/\/vineadouro.com\/shop\/wp-content\/uploads\/2026\/01\/contactos-vineadouro-shop--360x300.webp 360w, https:\/\/vineadouro.com\/shop\/wp-content\/uploads\/2026\/01\/contactos-vineadouro-shop--960x800.webp 960w, https:\/\/vineadouro.com\/shop\/wp-content\/uploads\/2026\/01\/contactos-vineadouro-shop--768x640.webp 768w, https:\/\/vineadouro.com\/shop\/wp-content\/uploads\/2026\/01\/contactos-vineadouro-shop--1000x833.webp 1000w, https:\/\/vineadouro.com\/shop\/wp-content\/uploads\/2026\/01\/contactos-vineadouro-shop--150x125.webp 150w\" sizes=\"(max-width: 1200px) 100vw, 1200px\" \/>\t\t\t\t\t<\/div>\n\n\t\t\t\t\t\t<\/div>\n\t\t\t\t<\/div>\n\t\t\t\t<\/div>\n\t\t<div class=\"elementor-element elementor-element-353c924 e-con-full e-flex e-con e-child\" data-id=\"353c924\" data-element_type=\"container\">\n\t\t\t\t<div class=\"elementor-element elementor-element-b2d69d1 wd-width-100 elementor-widget elementor-widget-wd_title\" data-id=\"b2d69d1\" data-element_type=\"widget\" data-widget_type=\"wd_title.default\">\n\t\t\t\t<div class=\"elementor-widget-container\">\n\t\t\t\t\t\t\t<div class=\"title-wrapper set-mb-s reset-last-child wd-title-color-default wd-title-style-default wd-title-size-large text-center\">\n\n\t\t\t\n\t\t\t<div class=\"liner-continer\">\n\t\t\t\t<h4 class=\"woodmart-title-container title wd-fontsize-xxl\">Em que podemos ajudar?<\/h4> \n\t\t\t\t\t\t\t<\/div>\n\n\t\t\t\t\t<\/div>\n\t\t\t\t\t\t<\/div>\n\t\t\t\t<\/div>\n\t\t\t\t<div class=\"elementor-element elementor-element-526492f elementor-widget elementor-widget-wd_contact_form_7\" data-id=\"526492f\" data-element_type=\"widget\" data-widget_type=\"wd_contact_form_7.default\">\n\t\t\t\t<div class=\"elementor-widget-container\">\n\t\t\t\t\t\n<div class=\"wpcf7 no-js\" id=\"wpcf7-f23111-o1\" lang=\"pt-PT\" dir=\"ltr\" data-wpcf7-id=\"23111\">\n<div class=\"screen-reader-response\"><p role=\"status\" aria-live=\"polite\" aria-atomic=\"true\"><\/p> <ul><\/ul><\/div>\n<form action=\"\/shop\/wp-json\/wp\/v2\/pages\/23040#wpcf7-f23111-o1\" method=\"post\" class=\"wpcf7-form init\" aria-label=\"Formul\u00e1rio de contacto\" novalidate=\"novalidate\" data-status=\"init\">\n<fieldset class=\"hidden-fields-container\"><input type=\"hidden\" name=\"_wpcf7\" value=\"23111\" \/><input type=\"hidden\" name=\"_wpcf7_version\" value=\"6.1.2\" \/><input type=\"hidden\" name=\"_wpcf7_locale\" value=\"pt_PT\" \/><input type=\"hidden\" name=\"_wpcf7_unit_tag\" value=\"wpcf7-f23111-o1\" \/><input type=\"hidden\" name=\"_wpcf7_container_post\" value=\"0\" \/><input type=\"hidden\" name=\"_wpcf7_posted_data_hash\" value=\"\" \/><input type=\"hidden\" name=\"_wpcf7_recaptcha_response\" value=\"\" \/>\n<\/fieldset>\n<div class=\"row\">\n\t<div class=\"col-md-6\">\n\t\t<p><label> Nome<br \/>\n<span class=\"wpcf7-form-control-wrap\" data-name=\"your-name\"><input size=\"40\" maxlength=\"400\" class=\"wpcf7-form-control wpcf7-text wpcf7-validates-as-required\" aria-required=\"true\" aria-invalid=\"false\" value=\"\" type=\"text\" name=\"your-name\" \/><\/span> <\/label>\n\t\t<\/p>\n\t<\/div>\n\t<div class=\"col-md-6\">\n\t\t<p><label> Apelido<br \/>\n<span class=\"wpcf7-form-control-wrap\" data-name=\"your-last-name\"><input size=\"40\" maxlength=\"400\" class=\"wpcf7-form-control wpcf7-text wpcf7-validates-as-required\" aria-required=\"true\" aria-invalid=\"false\" value=\"\" type=\"text\" name=\"your-last-name\" \/><\/span> <\/label>\n\t\t<\/p>\n\t<\/div>\n<\/div>\n<div class=\"row\">\n\t<div class=\"col-md-6\">\n\t\t<p><label>Telefone<br \/>\n<span class=\"wpcf7-form-control-wrap\" data-name=\"your-phone\"><input size=\"40\" maxlength=\"400\" class=\"wpcf7-form-control wpcf7-tel wpcf7-text wpcf7-validates-as-tel\" aria-invalid=\"false\" value=\"\" type=\"tel\" name=\"your-phone\" \/><\/span><\/label>\n\t\t<\/p>\n\t<\/div>\n\t<div class=\"col-md-6\">\n\t\t<p><label> E-mail<br \/>\n<span class=\"wpcf7-form-control-wrap\" data-name=\"your-email\"><input size=\"40\" maxlength=\"400\" class=\"wpcf7-form-control wpcf7-email wpcf7-validates-as-required wpcf7-text wpcf7-validates-as-email\" aria-required=\"true\" aria-invalid=\"false\" value=\"\" type=\"email\" name=\"your-email\" \/><\/span> <\/label>\n\t\t<\/p>\n\t<\/div>\n<\/div>\n<div class=\"row\">\n\t<div class=\"col-md-12\">\n\t\t<p><label> Assunto<br \/>\n<span class=\"wpcf7-form-control-wrap\" data-name=\"your-subject\"><select class=\"wpcf7-form-control wpcf7-select\" aria-invalid=\"false\" name=\"your-subject\"><option value=\"--Escolha uma op\u00e7\u00e3o--\">--Escolha uma op\u00e7\u00e3o--<\/option><option value=\"Quest\u00f5es t\u00e9cnicas\">Quest\u00f5es t\u00e9cnicas<\/option><option value=\"Pagamentos\">Pagamentos<\/option><option value=\"Devolu\u00e7\u00f5es\">Devolu\u00e7\u00f5es<\/option><option value=\"Estado de encomenda\">Estado de encomenda<\/option><option value=\"Reclama\u00e7\u00f5es\">Reclama\u00e7\u00f5es<\/option><option value=\"Outras quest\u00f5es\">Outras quest\u00f5es<\/option><\/select><\/span> <\/label>\n\t\t<\/p>\n\t<\/div>\n<\/div>\n<div class=\"row\">\n\t<div class=\"col-md-12\">\n\t\t<p><label> Mensagem<br \/>\n<span class=\"wpcf7-form-control-wrap\" data-name=\"your-message\"><textarea cols=\"40\" rows=\"10\" maxlength=\"2000\" class=\"wpcf7-form-control wpcf7-textarea\" aria-invalid=\"false\" name=\"your-message\"><\/textarea><\/span> <\/label>\n\t\t<\/p>\n\t<\/div>\n<\/div>\n<div class=\"col-md-9 text-left\">\n\t<p><span class=\"wpcf7-form-control-wrap\" data-name=\"your-consent\"><span class=\"wpcf7-form-control wpcf7-acceptance\"><span class=\"wpcf7-list-item\"><label><input type=\"checkbox\" name=\"your-consent\" value=\"1\" aria-invalid=\"false\" \/><span class=\"wpcf7-list-item-label\">Li e aceito a <a href=\"\/politica-de-privacidade\/\" rel=\"nofollow\">Pol\u00edtica de Privacidade<\/a>.<\/span><\/label><\/span><\/span><\/span>\n\t<\/p>\n<\/div>\n<span class=\"wpcf7-form-control-wrap recaptcha\" data-name=\"recaptcha\"><span data-sitekey=\"6LfBH0AqAAAAAE-1e22lcn_kZqsnMb3sAc4igDN6\" class=\"wpcf7-form-control wpcf7-recaptcha g-recaptcha\"><\/span>\r\n<noscript>\r\n\t<div class=\"grecaptcha-noscript\">\r\n\t\t<iframe src=\"https:\/\/www.google.com\/recaptcha\/api\/fallback?k=6LfBH0AqAAAAAE-1e22lcn_kZqsnMb3sAc4igDN6\" frameborder=\"0\" scrolling=\"no\" width=\"310\" height=\"430\">\r\n\t\t<\/iframe>\r\n\t\t<textarea name=\"g-recaptcha-response\" rows=\"3\" cols=\"40\" placeholder=\"reCaptcha Response Here\">\r\n\t\t<\/textarea>\r\n\t<\/div>\r\n<\/noscript>\r\n<\/span>\n<div class=\"row button-privacy\">\n\t<div class=\"col-md-3\">\n\t\t<p><input class=\"wpcf7-form-control wpcf7-submit has-spinner\" type=\"submit\" value=\"Enviar\" \/>\n\t\t<\/p>\n\t<\/div>\n<\/div><div class=\"wpcf7-response-output\" aria-hidden=\"true\"><\/div>\n<\/form>\n<\/div>\n\t\t\t\t<\/div>\n\t\t\t\t<\/div>\n\t\t\t\t<\/div>\n\t\t\t\t\t<\/div>\n\t\t\t\t<\/div>\n\t\t\t\t<\/div>\n\t\t","protected":false},"excerpt":{"rendered":"<p>VER LOCALIZA\u00c7\u00c3O CONTACTOS GERAIS Email:\u00a0geral@vineadouro.comTelefone: +351 912 007 287 (chamada rede m\u00f3vel nacional) LOCALIZA\u00c7\u00c3O Estrada da Barragem do Catapereiro5155-639 Num\u00e3oPortugal<\/p>\n","protected":false},"author":116,"featured_media":0,"parent":0,"menu_order":0,"comment_status":"closed","ping_status":"closed","template":"","meta":{"footnotes":""},"class_list":["post-23040","page","type-page","status-publish","hentry"],"_links":{"self":[{"href":"https:\/\/vineadouro.com\/shop\/wp-json\/wp\/v2\/pages\/23040","targetHints":{"allow":["GET"]}}],"collection":[{"href":"https:\/\/vineadouro.com\/shop\/wp-json\/wp\/v2\/pages"}],"about":[{"href":"https:\/\/vineadouro.com\/shop\/wp-json\/wp\/v2\/types\/page"}],"author":[{"embeddable":true,"href":"https:\/\/vineadouro.com\/shop\/wp-json\/wp\/v2\/users\/116"}],"replies":[{"embeddable":true,"href":"https:\/\/vineadouro.com\/shop\/wp-json\/wp\/v2\/comments?post=23040"}],"version-history":[{"count":4,"href":"https:\/\/vineadouro.com\/shop\/wp-json\/wp\/v2\/pages\/23040\/revisions"}],"predecessor-version":[{"id":24926,"href":"https:\/\/vineadouro.com\/shop\/wp-json\/wp\/v2\/pages\/23040\/revisions\/24926"}],"wp:attachment":[{"href":"https:\/\/vineadouro.com\/shop\/wp-json\/wp\/v2\/media?parent=23040"}],"curies":[{"name":"wp","href":"https:\/\/api.w.org\/{rel}","templated":true}]}}