{"id":22906,"date":"2024-04-04T16:26:22","date_gmt":"2024-04-04T16:26:22","guid":{"rendered":"https:\/\/vineadouro.com\/shop\/?page_id=22906"},"modified":"2024-05-11T11:28:26","modified_gmt":"2024-05-11T11:28:26","slug":"politica-de-privacidade","status":"publish","type":"page","link":"https:\/\/vineadouro.com\/shop\/politica-de-privacidade\/","title":{"rendered":"Pol\u00edtica de Privacidade"},"content":{"rendered":"\t\t<div data-elementor-type=\"wp-page\" data-elementor-id=\"22906\" class=\"elementor elementor-22906\">\n\t\t\t\t<div class=\"wd-negative-gap elementor-element elementor-element-204be2f e-flex e-con-boxed e-con e-parent\" data-id=\"204be2f\" data-element_type=\"container\">\n\t\t\t\t\t<div class=\"e-con-inner\">\n\t\t\t\t<div class=\"elementor-element elementor-element-5996dcf elementor-widget elementor-widget-wd_text_block\" data-id=\"5996dcf\" data-element_type=\"widget\" data-widget_type=\"wd_text_block.default\">\n\t\t\t\t<div class=\"elementor-widget-container\">\n\t\t\t\t\t\t\t<div class=\"wd-text-block reset-last-child text-left\">\n\t\t\t\n\t\t\t<p>A Vineadouro Boutique Wines, Lda. (Vineadouro) garante e salvaguarda a protec\u00e7\u00e3o dos dados pessoais dos utilizadores da sua loja online. No processamento dos dados pessoais recolhidos durante a sua visita, s\u00e3o inteiramente cumpridas as normas do Regulamento Geral de Prote\u00e7\u00e3o de Dados (RGPD), com entrada em vigor no dia 25 de Maio de 2018, cumprindo escrupulosamente o Regulamento (UE) 2016\/679 do Parlamento Europeu e do Conselho, de 27 de Abril de 2016, relativo \u00e0 prote\u00e7\u00e3o das pessoas singulares no que diz respeito ao tratamento de dados pessoais e \u00e0 livre circula\u00e7\u00e3o desses dados.<\/p><p>Os dados recolhidos destinam-se exclusivamente ao tratamento interno da respetiva informa\u00e7\u00e3o destinada \u00e0 venda dos produtos anunciados, bem como a cont\u00ednua evolu\u00e7\u00e3o da qualidade e excel\u00eancia da nossa presta\u00e7\u00e3o de produtos\/servi\u00e7os e ainda \u00e0 remessa de informa\u00e7\u00e3o sobre os mesmos produtos se consentida pelo cliente. Em nenhum momento ou circunst\u00e2ncia os dados por si fornecidos ser\u00e3o facultados a terceiros. Contudo, a Vineadouro poder\u00e1 partilhar os dados com as autoridades p\u00fablicas sem conhecimento dos titulares no cumprimento de obriga\u00e7\u00e3o legal ou judicial.<\/p><p>A visita \u00e0 nossa loja online n\u00e3o implica, por si s\u00f3, a recolha de dados pessoais. Contudo, h\u00e1 um conjunto de dados inform\u00e1ticos que s\u00e3o recolhidos automaticamente em cada acesso, conforme melhor descri\u00e7\u00e3o que faremos neste texto. Existem, no entanto, v\u00e1rias \u00e1reas da loja online que requerem informa\u00e7\u00f5es pessoais do utilizador para que possam ser acedidas, bem como alguns servi\u00e7os que carecem dessas informa\u00e7\u00f5es para que possam ser prestados. A solicita\u00e7\u00e3o de recolha desses dados \u00e9 sempre feita de forma clara e inequ\u00edvoca.<\/p><p>Apresentamos de seguida a descri\u00e7\u00e3o do tipo de dados que recolhemos, o tratamento a que est\u00e3o sujeitos e ainda a utilidade que representam para os produtos\/servi\u00e7os que prestamos. No final do texto poder\u00e1 ainda consultar os direitos que lhe assistem quanto \u00e0 informa\u00e7\u00e3o, corre\u00e7\u00e3o e elimina\u00e7\u00e3o de dados.<\/p><p><strong>1. Dados de acesso \u00e0 Internet<\/strong><br \/>Com o acesso \u00e0 nossa loja online podem ser recolhidos de forma autom\u00e1tica um conjunto de dados inform\u00e1ticos, que s\u00e3o gravados de forma tempor\u00e1ria em ficheiros pr\u00f3prios, sendo eliminados de forma tamb\u00e9m autom\u00e1tica ap\u00f3s determinado per\u00edodo. A recolha destes dados tem objetivos meramente t\u00e9cnicos e estat\u00edsticos, tal como a configura\u00e7\u00e3o da liga\u00e7\u00e3o, a seguran\u00e7a do sistema, a administra\u00e7\u00e3o t\u00e9cnica da rede e a otimiza\u00e7\u00e3o da nossa loja online. Os dados a que nos referimos s\u00e3o os seguintes:<br \/>a) Endere\u00e7o IP do processador requerente;<br \/>b) Data e hora de acesso;<br \/>c) Nome e URL do ficheiro transferido;<br \/>d) Volume dos dados transmitidos;<br \/>e) Dados de identifica\u00e7\u00e3o do software do navegador e do sistema operativo;<br \/>f) Website a partir do qual acedeu \u00e0 nossa loja online;<br \/>g) Nome do fornecedor de servi\u00e7o de Internet.<\/p><p><strong>2. Consentimento para utiliza\u00e7\u00e3o de dados pessoais<\/strong><br \/>A utiliza\u00e7\u00e3o de alguns dos servi\u00e7os da nossa loja online pressup\u00f5e o fornecimento de dados pessoais e um tratamento mais substancial dos mesmos. A Vineadouro s\u00f3 utilizar\u00e1 estes dados quando eles forem fornecidos pelos seus titulares, apenas para os efeitos que foram fornecidos e sempre mediante o consentimento dos seus titulares, o qual ser\u00e1 dado com o ato do seu fornecimento. Concretizamos de seguida os servi\u00e7os referidos e o tipo de tratamento de dados efetuado.<\/p><p><strong>2.1 Formul\u00e1rio de contacto<\/strong><br \/>Se pretender contactar a Vineadouro diretamente atrav\u00e9s da loja online, dever\u00e1 preencher o formul\u00e1rio disponibilizado para o efeito. Ser-lhe-\u00e3o solicitados alguns dados pessoais (nome, telefone e endere\u00e7o de e-mail). A recolha destes dados visa apenas tornar poss\u00edvel responder ao seu contato com o m\u00ednimo de personaliza\u00e7\u00e3o, n\u00e3o sendo utilizado para qualquer outro efeito. \u00c9 tamb\u00e9m poss\u00edvel contactar diretamente a Vineadouro por outras vias indicadas no link \u201cContactos\u201d.<\/p><p><strong>2.2 Newsletters<\/strong><br \/>A Vineadouro pode disponibilizar a possibilidade de subscri\u00e7\u00e3o de um servi\u00e7o gratuito de Newsletters aos visitantes do seu website. Este servi\u00e7o visa dar a conhecer aos seus subscritores novidades relevantes dentro das \u00e1reas de interesse abrangidas pelos produtos\/servi\u00e7os oferecidos pela Vineadouro. Para usufruir deste servi\u00e7o ter\u00e1 necessariamente que fornecer o seu nome e endere\u00e7o de e-mail no campo futuramente existente para o efeito. Poder\u00e1 cancelar a subscri\u00e7\u00e3o do servi\u00e7o de Newsletters em qualquer altura, bastando, para o efeito, enviar um e-mail com essa solicita\u00e7\u00e3o, seguindo as indica\u00e7\u00f5es nesse sentido presentes no final de cada Newsletter.<\/p><p><strong>2.3 Loja Online<\/strong><br \/>A Vineadouro disponibiliza aos visitantes uma loja online, sistema normalmente designado de e-Commerce, com a concretiza\u00e7\u00e3o de transa\u00e7\u00f5es online. Para usufruir desta funcionalidade, ter\u00e1 de preencher um formul\u00e1rio de registo de utilizador no qual lhe ser\u00e3o solicitados alguns dados pessoais (nome, endere\u00e7o de e-mail, contacto telef\u00f3nico, data de nascimento e n\u00famero de identifica\u00e7\u00e3o fiscal). A recolha destes dados \u00e9 obrigat\u00f3ria para a correcta identifica\u00e7\u00e3o do comprador e escrupuloso cumprimento de todos os tr\u00e2mites legais e fiscais associados a um processo de compra e venda de produtos online.<\/p><p><strong>3. Seguran\u00e7a<\/strong><br \/>A Vineadouro tem investido em medidas de seguran\u00e7a t\u00e9cnicas e organizacionais para proteger os dados pessoais recolhidos contra a manipula\u00e7\u00e3o inadvertida ou intencional, perda ou destrui\u00e7\u00e3o e contra o acesso por pessoas n\u00e3o autorizadas. As suas informa\u00e7\u00f5es pessoais s\u00e3o guardadas em redes seguras, em ficheiros encriptados e que apenas podem ser acedidas por um limitado n\u00famero de pessoas que det\u00eam direitos de acesso especiais e se comprometem a respeitar e manter a natureza confidencial de tais informa\u00e7\u00f5es. N\u00e3o obstante estas medidas, quando faculta informa\u00e7\u00f5es pessoais na Internet, existe sempre um risco de que estas possam ser intercetadas e usadas por terceiros fora do controlo da Vineadouro. Embora envidemos todos os esfor\u00e7os para proteger as suas informa\u00e7\u00f5es pessoais e a sua privacidade, n\u00e3o podemos garantir a seguran\u00e7a das informa\u00e7\u00f5es que disponibilize atrav\u00e9s da Internet.<\/p><p><strong>4. Cookies<\/strong><br \/>Um cookie \u00e9 um ficheiro de texto \u00fanico que um website envia para o software do seu navegador na Internet. A nossa loja online poder\u00e1 utilizar cookies para personalizar as informa\u00e7\u00f5es que lhe s\u00e3o apresentadas. Estes dados n\u00e3o cont\u00eam refer\u00eancias de car\u00e1cter pessoal, sendo automaticamente apagados quando fechar o seu navegador. Tenha em considera\u00e7\u00e3o que a maioria dos navegadores na Internet est\u00e1 pr\u00e9-programada para aceitar cookies. Se pretender consultar a nossa loja online sem utilizar cookies, dever\u00e1 alterar a defini\u00e7\u00e3o adequada nas op\u00e7\u00f5es do seu navegador. No entanto, se configurar o seu navegador para rejeitar todas as cookies, tal poder\u00e1 limitar a utiliza\u00e7\u00e3o de algumas funcionalidades da nossa loja online.<\/p><p><strong>5. Liga\u00e7\u00f5es para websites externos<\/strong><br \/>A nossa Pol\u00edtica de Privacidade e Prote\u00e7\u00e3o de Dados aplica-se exclusivamente \u00e0 nossa loja online. No entanto, a loja online da Vineadouro pode conter liga\u00e7\u00f5es a websites de parceiros. A liga\u00e7\u00e3o a esses websites pressup\u00f5e sempre um clique do utilizador no respetivo link, nunca sendo a liga\u00e7\u00e3o autom\u00e1tica. \u00c9 absolutamente imposs\u00edvel \u00e0 Vineadouro garantir que as pr\u00e1ticas dessas entidades quanto \u00e0 protec\u00e7\u00e3o de dados est\u00e3o conforme a lei e as nossas exig\u00eancias \u00e9ticas. Assim, a Vineadouro n\u00e3o poder\u00e1 ser responsabilizada pelo conte\u00fado ou pol\u00edtica de privacidade de outros websites externos, sendo exclusivamente da responsabilidade dos seus propriet\u00e1rios qualquer dano ou situa\u00e7\u00e3o il\u00edcita que a consulta desses websites possa causar.<\/p><p><strong>6. Direito \u00e0 verifica\u00e7\u00e3o, corre\u00e7\u00e3o e elimina\u00e7\u00e3o de dados<\/strong><br \/>A Vineadouro estabeleceu um prazo m\u00e1ximo de conserva\u00e7\u00e3o dos seus dados pessoais de 10 anos e, ap\u00f3s este per\u00edodo, entraremos em contacto consigo no sentido de confirmar se pretende mandar os seus dados na nossa base de dados. Nos termos da legisla\u00e7\u00e3o nacional e comunit\u00e1ria atualmente em vigor, reconhecemos inteiramente o seu direito, a qualquer momento, de verificar qualquer dado relativo a si mesmo, assim como o direito de exigir a respetiva corre\u00e7\u00e3o ou elimina\u00e7\u00e3o e ainda o direito de anular o seu consentimento para utiliza\u00e7\u00e3o futura. Para obter informa\u00e7\u00f5es sobre os seus dados pessoais, para a corre\u00e7\u00e3o ou elimina\u00e7\u00e3o de dados ou ainda para o esclarecimento de qualquer outra quest\u00e3o relativa \u00e0 utiliza\u00e7\u00e3o de dados pessoais em nossa posse, contacte:<br \/>Vineadouro Boutique Wines, Lda.<br \/>Largo da Igreja, n\u00ba 2<br \/>5155-639 Num\u00e3o<br \/>Telefone: +351 912 007 287 (chamada rede m\u00f3vel nacional)<br \/>E-mail: geral@vineadouro.com<\/p><p><strong>7. Aceita\u00e7\u00e3o da nossa Pol\u00edtica de Privacidade e Prote\u00e7\u00e3o de Dados<\/strong><br \/>Ao utilizar a nossa loja online est\u00e1 a concordar implicitamente com a utiliza\u00e7\u00e3o dos seus dados pessoais, nos termos acima descritos. \u00c0 medida que a nossa loja online for evoluindo e novas tecnologias forem adotadas, poder\u00e1 ser necess\u00e1rio efetuar altera\u00e7\u00f5es na nossa Pol\u00edtica de Privacidade e Prote\u00e7\u00e3o de Dados. A Vineadouro reserva-se ao direito de modificar a sua Pol\u00edtica de Privacidade e Prote\u00e7\u00e3o de Dados a qualquer momento.<\/p><p>Num\u00e3o, 08 de Abril de 2024<\/p>\n\t\t\t\t\t<\/div>\n\t\t\t\t\t\t<\/div>\n\t\t\t\t<\/div>\n\t\t\t\t\t<\/div>\n\t\t\t\t<\/div>\n\t\t\t\t<\/div>\n\t\t","protected":false},"excerpt":{"rendered":"<p>A Vineadouro Boutique Wines, Lda. (Vineadouro) garante e salvaguarda a protec\u00e7\u00e3o dos dados pessoais dos utilizadores da sua loja online.<\/p>\n","protected":false},"author":116,"featured_media":0,"parent":0,"menu_order":0,"comment_status":"closed","ping_status":"closed","template":"","meta":{"footnotes":""},"class_list":["post-22906","page","type-page","status-publish","hentry"],"_links":{"self":[{"href":"https:\/\/vineadouro.com\/shop\/wp-json\/wp\/v2\/pages\/22906","targetHints":{"allow":["GET"]}}],"collection":[{"href":"https:\/\/vineadouro.com\/shop\/wp-json\/wp\/v2\/pages"}],"about":[{"href":"https:\/\/vineadouro.com\/shop\/wp-json\/wp\/v2\/types\/page"}],"author":[{"embeddable":true,"href":"https:\/\/vineadouro.com\/shop\/wp-json\/wp\/v2\/users\/116"}],"replies":[{"embeddable":true,"href":"https:\/\/vineadouro.com\/shop\/wp-json\/wp\/v2\/comments?post=22906"}],"version-history":[{"count":0,"href":"https:\/\/vineadouro.com\/shop\/wp-json\/wp\/v2\/pages\/22906\/revisions"}],"wp:attachment":[{"href":"https:\/\/vineadouro.com\/shop\/wp-json\/wp\/v2\/media?parent=22906"}],"curies":[{"name":"wp","href":"https:\/\/api.w.org\/{rel}","templated":true}]}}