{"id":22900,"date":"2024-04-04T16:21:30","date_gmt":"2024-04-04T16:21:30","guid":{"rendered":"https:\/\/vineadouro.com\/shop\/?page_id=22900"},"modified":"2024-07-01T15:36:06","modified_gmt":"2024-07-01T15:36:06","slug":"termos-e-condicoes","status":"publish","type":"page","link":"https:\/\/vineadouro.com\/shop\/termos-e-condicoes\/","title":{"rendered":"Termos e Condi\u00e7\u00f5es"},"content":{"rendered":"\t\t<div data-elementor-type=\"wp-page\" data-elementor-id=\"22900\" class=\"elementor elementor-22900\">\n\t\t\t\t<div class=\"wd-negative-gap elementor-element elementor-element-52e3e92 e-flex e-con-boxed e-con e-parent\" data-id=\"52e3e92\" data-element_type=\"container\">\n\t\t\t\t\t<div class=\"e-con-inner\">\n\t\t\t\t<div class=\"elementor-element elementor-element-3715325 elementor-widget elementor-widget-wd_text_block\" data-id=\"3715325\" data-element_type=\"widget\" data-widget_type=\"wd_text_block.default\">\n\t\t\t\t<div class=\"elementor-widget-container\">\n\t\t\t\t\t\t\t<div class=\"wd-text-block reset-last-child text-left\">\n\t\t\t\n\t\t\t<p>1) A presente loja online \u00e9 integralmente propriedade da Vineadouro Boutique Wines, Lda. com sede em Largo da Igreja, n\u00ba 2, 5155-639 Num\u00e3o, portadora do NIF 515629693 e registada na Conservat\u00f3ria do Registo Comercial de Vila Nova de Foz C\u00f4a, dedicando-se a mesma \u00e0 produ\u00e7\u00e3o e comercializa\u00e7\u00e3o de vinhos e azeites.<\/p><p>2) A compra de qualquer produto na loja online da Vineadouro Boutique Wines, Lda. (Vineadouro) implica a aceita\u00e7\u00e3o dos presentes Termos e\u00a0 Condi\u00e7\u00f5es. Para efectuar compras na loja online da Vineadouro dever\u00e1 preencher um registo \u00fanico de cliente com dados v\u00e1lidos.<\/p><p>3) Todas e quaisquer bebidas alco\u00f3licas dispon\u00edveis para venda na loja online da Vineadouro s\u00f3 podem ser adquiridas por pessoas que tenham a idade legal para tal, no seu pa\u00eds de resid\u00eancia. Em caso de d\u00favida\u00a0<a href=\"\/contactos\/\">contacte-nos<\/a>.<\/p><p>4) A Vineadouro reserva-se no direito de modificar, sem aviso pr\u00e9vio e a qualquer momento, a informa\u00e7\u00e3o e oferta comercial apresentada sobre: produtos, pre\u00e7os, condi\u00e7\u00f5es comerciais e servi\u00e7os. As imagens que ilustram cada produto podem diferir do produto posteriormente entregue.<\/p><p>5) Os produtos apresentados e dispon\u00edveis para venda online na loja online da Vineadouro cont\u00eam, na sua generalidade, sulfitos.<\/p><p>6) Ao abrigo da legisla\u00e7\u00e3o Portuguesa, todos os pre\u00e7os s\u00e3o apresentados em euros (\u20ac) e incluem as respectivas taxas de IVA em vigor, em cada momento.<\/p><p>7) Caso uma encomenda n\u00e3o possa ser satisfeita em parte ou na totalidade, o Cliente ser\u00e1 imediatamente contactado pela Vineadouro de modo a encontrar a solu\u00e7\u00e3o mais adequada. As encomendas s\u00f3 ser\u00e3o processadas ap\u00f3s o recebimento efectivo do pagamento.<\/p><p>8) Aos pre\u00e7os apresentados acresce o valor dos portes de cada encomenda, com envio em Portugal Continental, que tem um custo de 6\u20ac. A entrega \u00e9 gratuita em Portugal Continental caso a encomenda seja superior a 70\u20ac. Os custos de envio s\u00e3o de 10\u20ac para encomendas em Espanha (quantidade m\u00ednima de 6 garrafas). Os custos de envio s\u00e3o de 35\u20ac para encomendas em \u00c1ustria, B\u00e9lgica, Fran\u00e7a, Alemanha, It\u00e1lia, Luxemburgo e Pa\u00edses Baixos (quantidade m\u00ednima de 6 garrafas). O valor dos portes est\u00e1 indicado no checkout (finaliza\u00e7\u00e3o da encomenda).<\/p><p>9) Todas as encomendas feitas na loja online da Vineadouro dever\u00e3o ser pagas no prazo m\u00e1ximo de cinco dias contados continuamente. Passado este prazo, a encomenda ser\u00e1 automaticamente cancelada.<\/p><p>10) A Vineadouro desenvolve todos os esfor\u00e7os no sentido de assegurar a entrega das encomendas num prazo m\u00e1ximo de 3 dias \u00fateis ap\u00f3s confirma\u00e7\u00e3o do pagamento. Todos os produtos enviados pela Vineadouro devem ser verificados no ato da entrega. Se verificar que a sua encomenda se encontra danificada, dever\u00e1 devolv\u00ea-la de imediato \u00e0 empresa de transportes, justificar devidamente o motivo da devolu\u00e7\u00e3o na guia de remessa e notificar de imediato a Vineadouro. Por norma, a transportadora encarregue de entregar as encomendas efectudas na nossa loja online \u00e9 a Nacex. A Vineadouro n\u00e3o se responsabiliza por qualquer dano que se verifique ap\u00f3s o ato de entrega.<\/p><p>11) A Vineadouro reconhece a todos os seus clientes o direito de resolu\u00e7\u00e3o dos contratos que com ela celebram, permitindo-lhes a devolu\u00e7\u00e3o num prazo de 14 dias dos produtos adquiridos nos termos do Decreto-Lei n.\u00ba 24\/2014 de 14 de Fevereiro e Decreto-Lei 82\/2008 de 20 de Maio, devendo contactar a Vineadouro atrav\u00e9s do email <a href=\"mailto:geral@vineadouro.com\">geral@vineadouro.com<\/a>. Apenas ser\u00e1 aceite a devolu\u00e7\u00e3o de produtos sem sinal de uso indevido, completos com todos os seus componentes e embalagens originais em perfeito estado.<\/p><p>12) Todas as compras efetuadas na loja online da Vineadouro est\u00e3o sujeitas \u00e0 legisla\u00e7\u00e3o portuguesa. Qualquer conflito ou diverg\u00eancia de interpreta\u00e7\u00e3o dos presentes Termos e Condi\u00e7\u00f5es ser\u00e1 submetido ao Tribunal Judicial da Comarca de Lisboa, sendo aplic\u00e1vel exclusivamente a Lei Portuguesa.<\/p><p>13) Nos termos e para os efeitos do disposto no art. 18\u00ba da Lei n.\u00ba 144\/2015, de 8 de Setembro, informamos que a entidade de RAL dispon\u00edvel \u00e9 o CNIACC \u2014 Centro Nacional de Informa\u00e7\u00e3o e Arbitragem de Conflitos de Consumo, com os seguintes contactos:<br \/>Morada: Rua D. Afonso Henriques, n\u00ba 1, 4700-030 Braga<br \/>Telefone: +351 253 619 107<br \/>E-mail:\u00a0<a href=\"mailto:geral@cniacc.pt\">geral@cniacc.pt<\/a><br \/>Website:\u00a0<a href=\"https:\/\/www.cniacc.pt\/\" target=\"_blank\" rel=\"noopener\">https:\/\/www.cniacc.pt<\/a><\/p><p>14) Os presentes Termos e Condi\u00e7\u00f5es podem ser alterados sem aviso pr\u00e9vio, sem preju\u00edzo de se manterem em vigor quanto \u00e0s encomendas efetuadas anteriormente \u00e0 altera\u00e7\u00e3o respetiva, devendo por isso ser consultados antes da realiza\u00e7\u00e3o de qualquer encomenda.<\/p><p>Num\u00e3o, 08 de Abril de 2024<\/p>\n\t\t\t\t\t<\/div>\n\t\t\t\t\t\t<\/div>\n\t\t\t\t<\/div>\n\t\t\t\t\t<\/div>\n\t\t\t\t<\/div>\n\t\t\t\t<\/div>\n\t\t","protected":false},"excerpt":{"rendered":"<p>1) A presente loja online \u00e9 integralmente propriedade da Vineadouro Boutique Wines, Lda. com sede em Largo da Igreja, n\u00ba<\/p>\n","protected":false},"author":116,"featured_media":0,"parent":0,"menu_order":0,"comment_status":"closed","ping_status":"closed","template":"","meta":{"footnotes":""},"class_list":["post-22900","page","type-page","status-publish","hentry"],"_links":{"self":[{"href":"https:\/\/vineadouro.com\/shop\/wp-json\/wp\/v2\/pages\/22900","targetHints":{"allow":["GET"]}}],"collection":[{"href":"https:\/\/vineadouro.com\/shop\/wp-json\/wp\/v2\/pages"}],"about":[{"href":"https:\/\/vineadouro.com\/shop\/wp-json\/wp\/v2\/types\/page"}],"author":[{"embeddable":true,"href":"https:\/\/vineadouro.com\/shop\/wp-json\/wp\/v2\/users\/116"}],"replies":[{"embeddable":true,"href":"https:\/\/vineadouro.com\/shop\/wp-json\/wp\/v2\/comments?post=22900"}],"version-history":[{"count":0,"href":"https:\/\/vineadouro.com\/shop\/wp-json\/wp\/v2\/pages\/22900\/revisions"}],"wp:attachment":[{"href":"https:\/\/vineadouro.com\/shop\/wp-json\/wp\/v2\/media?parent=22900"}],"curies":[{"name":"wp","href":"https:\/\/api.w.org\/{rel}","templated":true}]}}